{"id":100,"date":"2021-03-05T19:49:56","date_gmt":"2021-03-05T18:49:56","guid":{"rendered":"https:\/\/aligraphdk.newsite.dk\/ejendom\/?page_id=100"},"modified":"2021-05-11T11:09:14","modified_gmt":"2021-05-11T09:09:14","slug":"byhuset-casa-del-cedro-2","status":"publish","type":"page","link":"https:\/\/aligraph.dk\/ejendom\/casa-del-cedro\/byhuset-casa-del-cedro-2\/","title":{"rendered":"Byhuset"},"content":{"rendered":"\r\n<h1>Casa del Cedro<\/h1>\r\n<p>Huset ligger i en lille Italiensk bjergby som hedder Santa Maria del Cedro.<br \/>Det ligger 3 km fra havet &#8211; vejen k\u00f8rer fra strandvejen ind i landet op i bjergene &#8211; noget af byen ligger ved havet &#8211; men den gamle by ligger oppe ad bjerget, og det er der, vi har valgt at bo.<br \/>Den gamle by er med stejle gader og trapper, gamle huse bevokset med bourguinvillae, cafeer og restauranter og selvf\u00f8lgelig en lille smuk kirke &#8211; og der bagved ligger vores hus. Vores udsigt er derfor udover byens hustage, kirket\u00e5rnet til den ene side, og havet l\u00e6ngst ude, omgivet af bjergene langs kysten.<br \/>Vores g\u00e6ster er som vi faldet for stedet. De skriver bla i g\u00e6stebogen: &#8220;Tak for en dejlig uge i jeres perle. Det er st\u00e6rkt vanedannende at v\u00e6re her, s\u00e5 vi kommer gerne igen. Huset ligger sk\u00f8nt &#8211; og dejligt afsides &#8211; udsigten fra terrassen og skyggen i haven er en sand lise for sj\u00e6len.&#8221;<br \/>Udover selve huset v\u00e6rds\u00e6tter vi den fantastisk g\u00e6stfrie befolkning utrolig meget. Vi har de s\u00f8deste gamle italienere som bagnabo. En g\u00e6stfrihed der ogs\u00e5 smitter af p\u00e5 vores g\u00e6ster hvor en har skrevet i g\u00e6stebogen: &#8220;Bagboen fork\u00e6lede os med friske gr\u00f8ntsager&#8221;. Andre har f\u00e5et \u00e6g, friske figner, vindruer, vild brocolli osv. En g\u00e6stfrihed som vi h\u00e5ber alle forst\u00e5r at v\u00e6rds\u00e6tte og er med til at bevare vores gode renome i byen.<\/p>\r\n\r\n\r\n\r\n<p>Huset er p\u00e5 ca. 120 kvm. og er p\u00e5 2 etager.<br \/>Der er en stor balkon p\u00e5 ca. 30 kvm. udfor hver etage &#8211; og der er udsigt til hav og solnedgang fra begge balkoner.<br \/>Den \u00f8verste balkon er oplagt til en sun-downer, inden der skal grilles i haven.<br \/>Der er have p\u00e5 ca. 140 kvm. nedenfor huset &#8211; med mandarin- og clementintr\u00e6er samt et enkelt nyplantet citrontr\u00e6.<br \/>St\u00f8rstedelen af haven er belagt med smukke fliser i 2 niveauer, og der er s\u00e5ledes flere terrasser at v\u00e6lge mellem, alt efter om man skal nyde solen eller sidde lidt i skygge under tr\u00e6erne. Vi har plantet blomstrende buske, lavendler og bourguinvillae. Vi har ogs\u00e5 opsat havelamper, s\u00e5 der er hyggeligt lys i haven, n\u00e5r solen er g\u00e5et ned og det er blevet m\u00f8rkt &#8211; allerede ved 20.30 tiden. Endelig har vi k\u00f8bt en dejlig stor havegrill i sten &#8211; den st\u00e5r, s\u00e5 &#8220;kokken&#8221; kan nyde udsigten samtidig med at der kokkereres. Der er endvidere indk\u00f8bt 2 udend\u00f8rs spiseborde samt 8 h\u00f8jryggede stole og en dr\u00f8mmeseng. Vores nye h\u00e6ngek\u00f8je kan h\u00e6nge perfekt imellem mandarintr\u00e6erne.<br \/>I husets underetage er der en dejlig stue og et stort landk\u00f8kken med \u00e5ben kamin og spiseplads. Der er udsigt til havet og til bjergene fra begge rum. I den rummelige stue st\u00e5r en nyindk\u00f8bt sovesofa med 2 gode sovepladser. Der er endvidere helt nyt badev\u00e6relse p\u00e5 nederste balkon med brus og vaskemaskine.<br \/>Der er trappe op fra stuen til 1. sal, hvor der er 2 store v\u00e6relser samt endnu et helt nyt badev\u00e6relse med bruser.<br \/>Sovev\u00e6relset har stor dobbeltseng, og v\u00e6relset er m\u00f8bleret med dobbeltseng samt dobbelt springmadras (ialt 4 sovepladser).<\/p>\r\n\r\n\r\n\r\n<p>Overalt er der lagt smukke klinker, b\u00e5de indenfor og p\u00e5 balkonerne.<\/p>\r\n\r\n\r\n\r\n<p>Der er mindre end 5 minutters gang til den n\u00e6rmeste cafe\/restaurant &#8211; og den ligger p\u00e5 det meget hyggelige lille torv foran kirken. I samme afstand men lidt anden retning ligger et st\u00f8rre pizzeria med flot panoramaudsigt til hav og solnedgang.<\/p>\r\n\r\n\r\n\r\n<p>Der ligger en lille k\u00f8bmand rundt om hj\u00f8rnet, og her kan du k\u00f8be br\u00f8d, vin, ost og meget mere, men kun lidt k\u00f8d og fisk. Det k\u00f8bes bedst hos fiskehandleren l\u00e6ngere ned i byen eller i det store supermarked, som ligger nogle kilometer v\u00e6k (200m f\u00f8r &#8220;kystvejen&#8221;).<\/p>\r\n\r\n\r\n\r\n<p>Der er som n\u00e6vnt 3 km til n\u00e6rmeste sandstrand &#8211; den er meget bred og kilometerlang &#8211; i s\u00e6sonen er der strandbar og livredder. Det er absolut uturistet udenfor s\u00e6sonen &#8211; alts\u00e5 ingen lejede solsenge og parasoller &#8211; men sand s\u00e5 langt \u00f8jet r\u00e6kker. Ogs\u00e5 i sommerm\u00e5nederne er der rigeligt plads &#8211; b\u00e5de p\u00e5 de lejede solsenge, og p\u00e5 det bare sand.<\/p>\r\n\r\n\r\n\r\n<p>Der er mange andre gode og smukke strande i n\u00e6romr\u00e5det &#8211; beliggende i sm\u00e5 laguner med dejlige ugenerte sandstrande og omgivet af forrevne klipper og bjerge.<\/p>\r\n\r\n\r\n\r\n<p>Skal man have mere liv er der ogs\u00e5 gode strande i Scalea by.<\/p>\r\n\r\n\r\n\r\n<figure class=\"wp-block-image size-large\"><img decoding=\"async\" class=\"wp-image-132\" src=\"https:\/\/aligraph.dk\/wp-content\/uploads\/CasaDelCedro\/huset.jpg\" alt=\"\" \/><\/figure>\r\n\r\n\r\n\r\n<p>Se foto&#8217;s fra huset under <a href=\"https:\/\/aligraph.dk\/ejendom\/casa-del-cedro\/fotos\/\">&#8220;Fotos&#8221;<\/a><\/p>\r\n","protected":false},"excerpt":{"rendered":"<p>Casa del Cedro Huset ligger i en lille Italiensk bjergby som hedder Santa Maria del Cedro.Det ligger 3 km fra havet &#8211; vejen k\u00f8rer fra strandvejen ind i landet op i bjergene &#8211; noget af byen ligger ved havet &#8211; men den gamle by ligger oppe ad bjerget, og det er der, vi har valgt [&hellip;]<\/p>\n","protected":false},"author":1,"featured_media":0,"parent":28,"menu_order":0,"comment_status":"closed","ping_status":"closed","template":"","meta":{"footnotes":""},"class_list":["post-100","page","type-page","status-publish","hentry"],"_links":{"self":[{"href":"https:\/\/aligraph.dk\/ejendom\/wp-json\/wp\/v2\/pages\/100","targetHints":{"allow":["GET"]}}],"collection":[{"href":"https:\/\/aligraph.dk\/ejendom\/wp-json\/wp\/v2\/pages"}],"about":[{"href":"https:\/\/aligraph.dk\/ejendom\/wp-json\/wp\/v2\/types\/page"}],"author":[{"embeddable":true,"href":"https:\/\/aligraph.dk\/ejendom\/wp-json\/wp\/v2\/users\/1"}],"replies":[{"embeddable":true,"href":"https:\/\/aligraph.dk\/ejendom\/wp-json\/wp\/v2\/comments?post=100"}],"version-history":[{"count":5,"href":"https:\/\/aligraph.dk\/ejendom\/wp-json\/wp\/v2\/pages\/100\/revisions"}],"predecessor-version":[{"id":825,"href":"https:\/\/aligraph.dk\/ejendom\/wp-json\/wp\/v2\/pages\/100\/revisions\/825"}],"up":[{"embeddable":true,"href":"https:\/\/aligraph.dk\/ejendom\/wp-json\/wp\/v2\/pages\/28"}],"wp:attachment":[{"href":"https:\/\/aligraph.dk\/ejendom\/wp-json\/wp\/v2\/media?parent=100"}],"curies":[{"name":"wp","href":"https:\/\/api.w.org\/{rel}","templated":true}]}}