{"id":117,"date":"2021-03-05T23:54:03","date_gmt":"2021-03-05T22:54:03","guid":{"rendered":"https:\/\/aligraphdk.newsite.dk\/ejendom\/?page_id=117"},"modified":"2023-07-08T23:54:40","modified_gmt":"2023-07-08T21:54:40","slug":"omraadet","status":"publish","type":"page","link":"https:\/\/aligraph.dk\/ejendom\/casa-del-cedro\/omraadet\/","title":{"rendered":"Omr\u00e5det"},"content":{"rendered":"<h1>Casa del Cedro<\/h1>\n<p>Flere og flere i Danmark f\u00e5r efterh\u00e5nden \u00f8jnene op for Calabrien &#8211; du kan flyve billigt med Ryanair direkte til Napoli.<br \/>\nCalabrien er Italiens &#8220;t\u00e5&#8221; &#8211; et meget smukt og bjergrigt landomr\u00e5de omkranset af havet: mod vest Det Thyrrenske Hav og mod \u00f8st Det Ioniske Hav.<\/p>\n<p>Der er ikke meget industri i Calabrien, hvorfor luften er meget ren, og egnen anbefales til personer med lungevejslidelser. Ogs\u00e5 havet er rent, og der er mange kilometer sandstrand afbrudt af klippestrande.<\/p>\n<p>Befolkningen holder b\u00e5de land og by rent &#8211; der ligger ikke mange ting og flyder som man ellers ser det i mange sydlige lande.<\/p>\n<p>Der er flere nationalparker i omr\u00e5det. Den st\u00f8rste er Pollino, som gr\u00e6nser op til vores by og har en st\u00f8rrelse lidt mindre end Fyn! Der er grundlag for mange smukke k\u00f8re- eller cykelture rundt i parken, og der er sm\u00e5 sp\u00e6ndende byer at bes\u00f8ge. Der vokser et utal af vilde blomster og krydderurter, og der er ogs\u00e5 et rigt dyreliv. Bl.a. findes her ulve, som er fredede &#8211; men som alligevel jages, fordi de kan angribe f\u00e5rene, som gr\u00e6sser rundt omkring i nationalparken. Det er ikke ualmindeligt at st\u00f8de p\u00e5 en f\u00e5rehyrde med sin flok af f\u00e5r og geder &#8211; og smuk bj\u00e6ldeklang.<\/p>\n<p>Den mest kendte nationalpark er Sila, hvor Sila Piccola har mest at byde p\u00e5, bl.a. er  der mulighed for skisport om vinteren. Det er et meget varieret og pittoresk landskab, rig p\u00e5 vild fauna, r\u00e5dyr, ulve og vildsvin. Der er gode muligheder for at vandre.<\/p>\n<p>Her ligger byen Taverne, den kunstige s\u00f8 Lago Ampollino, byen San Giovanni in Fiore med sin helt specielle beliggenhed. Man finder stadig kvinder her som b\u00e6rer en s\u00e6rlig national kl\u00e6dedragt.<\/p>\n<p>Indenfor f\u00e5 kilometer fra vores hus finder man mange historiske velbevarede ruiner som vidner om b\u00e5de gr\u00e6kernes og romernes tilstedev\u00e6relse i omr\u00e5det. Vi kan bl.a. n\u00e6vne den gamle borgby p\u00e5 bjergtoppen mellem vores by og nabobyen Cirella, samt den flotte gamle borgruin og viadukt godt en kilometer fra huset. I Cirella har vi i\u00f8vrigt ogs\u00e5 fundet et nyere amfiteater. P\u00e5 <a href=\"https:\/\/www.teatro.it\/teatri\/anfiteatro-cirella-diamante-cartellone\" target=\"_blank\" onfocus=\"this.blur()\" rel=\"noopener\">www.teatro.it\/teatri\/anfiteatro-cirella-diamante-cartellone<\/a> kan du l\u00e6se mere om aktuelle forestillinger i &#8220;Amfiteatret&#8221; i Cirella &#8211; med udsigt til vores hus 4 km v\u00e6k (i fugleflugtslinje).<\/p>\n<p>Calabriens beliggenhed g\u00f8r det velegnet til udflugter til Sicilien, vulkan\u00f8en Stromboli, Pompei, og Rom,  ligesom der er et utal af smukke gamle byer som kryber op ad bjergene.<br \/>\n Og s\u00e5 er der rig mulighed for strand- og badeliv.<\/p>\n<p>Du kan f.eks. ogs\u00e5 l\u00e6se mere om Italien p\u00e5 <a href=\"http:\/\/europa.eu\/abc\/european_countries\/eu_members\/italy\/index_da.htm\" target=\"_blank\" onfocus=\"this.blur()\" rel=\"noopener\">http:\/\/europa.eu<\/a><\/p>\n<p>Du kan finde telefonnumre til de lokale i Santa Maria del Cedro p\u00e5: <a href=\"https:\/\/www.paginebianche.it\/calabria\/santa-maria-del-cedro\/pignataro.html\" target=\"_blank\" onfocus=\"this.blur()\" rel=\"noopener\">Cedro telefonnumre<\/a><\/p>\n<p>Du kan finde matrikelkort mm p\u00e5: <a href=\"https:\/\/www.visurecatastaligratis.it\/catasto\/Calabria\/ReggioCalabria\/Visure_Catasto_ReggioCalabria.asp\" target=\"_blank\" onfocus=\"this.blur()\" rel=\"noopener\">Calabrien kort<\/a><\/p>\n<table>\n<tbody>\n<tr><\/tr>\n<\/tbody>\n<\/table>\n","protected":false},"excerpt":{"rendered":"<p>Casa del Cedro Flere og flere i Danmark f\u00e5r efterh\u00e5nden \u00f8jnene op for Calabrien &#8211; du kan flyve billigt med Ryanair direkte til Napoli. Calabrien er Italiens &#8220;t\u00e5&#8221; &#8211; et meget smukt og bjergrigt landomr\u00e5de omkranset af havet: mod vest Det Thyrrenske Hav og mod \u00f8st Det Ioniske Hav. Der er ikke meget industri i [&hellip;]<\/p>\n","protected":false},"author":1,"featured_media":0,"parent":28,"menu_order":0,"comment_status":"closed","ping_status":"closed","template":"","meta":{"footnotes":""},"class_list":["post-117","page","type-page","status-publish","hentry"],"_links":{"self":[{"href":"https:\/\/aligraph.dk\/ejendom\/wp-json\/wp\/v2\/pages\/117","targetHints":{"allow":["GET"]}}],"collection":[{"href":"https:\/\/aligraph.dk\/ejendom\/wp-json\/wp\/v2\/pages"}],"about":[{"href":"https:\/\/aligraph.dk\/ejendom\/wp-json\/wp\/v2\/types\/page"}],"author":[{"embeddable":true,"href":"https:\/\/aligraph.dk\/ejendom\/wp-json\/wp\/v2\/users\/1"}],"replies":[{"embeddable":true,"href":"https:\/\/aligraph.dk\/ejendom\/wp-json\/wp\/v2\/comments?post=117"}],"version-history":[{"count":8,"href":"https:\/\/aligraph.dk\/ejendom\/wp-json\/wp\/v2\/pages\/117\/revisions"}],"predecessor-version":[{"id":1217,"href":"https:\/\/aligraph.dk\/ejendom\/wp-json\/wp\/v2\/pages\/117\/revisions\/1217"}],"up":[{"embeddable":true,"href":"https:\/\/aligraph.dk\/ejendom\/wp-json\/wp\/v2\/pages\/28"}],"wp:attachment":[{"href":"https:\/\/aligraph.dk\/ejendom\/wp-json\/wp\/v2\/media?parent=117"}],"curies":[{"name":"wp","href":"https:\/\/api.w.org\/{rel}","templated":true}]}}