{"id":120,"date":"2021-03-06T00:01:17","date_gmt":"2021-03-05T23:01:17","guid":{"rendered":"https:\/\/aligraphdk.newsite.dk\/ejendom\/?page_id=120"},"modified":"2021-03-09T23:50:45","modified_gmt":"2021-03-09T22:50:45","slug":"lejligheden","status":"publish","type":"page","link":"https:\/\/aligraph.dk\/ejendom\/casa-del-mare\/lejligheden\/","title":{"rendered":"Lejligheden"},"content":{"rendered":"<h1>Casa del Mare<\/h1>\n<p>Lejligheden er beliggende l\u00e6ngst mod syd i Italien. Adressen er:<br \/>\n&nbsp;&nbsp;&nbsp;&nbsp;&nbsp;Via Santa Maria del Mare &#8211; GA26<br \/>\n&nbsp;&nbsp;&nbsp;&nbsp;&nbsp;88069 Staletti<br \/>\n&nbsp;&nbsp;&nbsp;&nbsp;&nbsp;Calabria, Italy<br \/>\n<a href=\"https:\/\/her.is\/2paqPXf\" target=\"_blank\" onfocus=\"this.blur()\" rel=\"noopener\">Vis p\u00e5 kort<\/a> (Koordinat: 38.75479,16.56517)<\/p>\n<p>Smukke Calabrien: Sk\u00f8n lys feriebolig best\u00e5ende af stue med \u00e5bent k\u00f8kken samt 2 v\u00e6relser, i alt 6 sovepladser, 2 meget store ugenerte terrasser med panoramudsigt til hav, bjerge og solopgang udover Det Ioniske Hav.<br \/>\nSlap af ved stranden, bes\u00f8g de gamle byer eller k\u00f8r en tur i de betagende landskaber i Calabrien.<br \/>\n<!-- NYT start --><br \/>\nEr du til snorkling er dette ogs\u00e5 bare stedet en af vores g\u00e6ster skriver <i>&#8220;&#8230; og hvor ER det flot at snorkle i vandet langs klipperne &#8211; som at sv\u00f8mme i et akvarium!! &#8211; Ekstremt klart vand og enest\u00e5ende sigtbarhed under vand&#8230;&#8221;.<\/i><br \/>\n<!-- NYT slut --><br \/>\nBeliggende i ferieomr\u00e5det Santa Maria del Mare &#8211; beliggende imellem byerne Catanzaro og Soverato. Ferieomr\u00e5det ligger p\u00e5 et bjerg h\u00f8jt h\u00e6vet over vandet. Jernbanen &#8211; der k\u00f8rer langs det Ioniske have &#8211; k\u00f8rer i en tunnel igennem bjerget og kan slet ikke h\u00f8res fra lejligheden.<br \/>\nGenerelt m\u00e5 man sige at der er meget roligt og stille i omr\u00e5det n\u00e6sten hele \u00e5ret (bortset fra sommerferiem\u00e5nederne juli og august hvor italierne kommer for at holde ferie).<br \/>\nFerieomr\u00e5det &#8220;Santa Maria del Mare&#8221; er en \u00e6ldre bebyggelse der naturligvis er helt udbygget med en flot og frodig vegetation. Der er mindre end 3 minutters gang til swimmingpool som frit kan benyttes (\u00e5ben fra 15. juni til 15. september &#8211; som udgangspunkt skal man have badeh\u00e6tte p\u00e5 der kan k\u00f8bes i baren for 3 euro. Det er dog ikke altid det bliver h\u00e5ndh\u00e6vet!) samt til stor udend\u00f8rs restaurant med panoramaudsigt.<br \/>\nDer er udem\u00f8bler, solstol, grill, udend\u00f8rs bruser og markiser p\u00e5 begge terrasser.<br \/>\nIndenfor er der diverse k\u00f8kkenudstyr, aircondition og varme i alle rum, ghettoblaster, TV samt DVD. Der er endvidere 6 stk. sengelinned, 12 h\u00e5ndkl\u00e6der samt 4 viskestykker. Medbring selv badeh\u00e5ndkl\u00e6der.<br \/>\nI juli og august m\u00e5ned k\u00f8rer der bus fra bebyggelsen til sandstrand.<br \/>\nAfstand til sandstrand i bil ca. 4 kilometer (afstand til havet i luftlinien ca. 200m).<br \/>\nVi kan varmt anbefale at g\u00e5 til stranden ad den gamle landevej(starter ved diskoteket)- vores lejere kalder turen for deres &#8220;Camineo&#8221;. Der er pr\u00e6cis 3 km fra lejlighed til man st\u00e5r i vandkanten. Det er en hyggelig tur hvor vejen snor sig langs skr\u00e6nten med udsigt til havet hele tiden. Ved stranden kan man ogs\u00e5 spise en let frokost. Fin salat til 3 euro og en fin kyllinge sandwich \ud83d\ude42<br \/>\nHusk den gode kaffe alle steder. Et godt is\/kaffested er p\u00e5 strandpromenaden, mener det hedder miramare. Isen er god n\u00e6sten alle steder:-) Ved swimmingpoolen p\u00e5 santa Maria er der ogs\u00e5 meget hyggeligt at s\u00e6tte sig om aftenen og f\u00e5 en kaffe\/is som k\u00f8bes i baren.<br \/>\nTil b\u00f8rnefamilier er der p\u00e5 strandpromenaden diverse hoppepuder, trampoliner &#8211; en slags minitivoli<\/p>\n<p><b>Husinformation:<\/b><br \/>\nFerielejlighed &#8211; 58m\u00b2<br \/>\nBeliggende i \u00e6ldre roligt ferieanl\u00e6g med pool<br \/>\n6 personer<br \/>\n2 P-pladser til lejligheden<\/p>\n<p><b>Udstyr<\/b><br \/>\nFjernsyn<br \/>\nK\u00f8kken: varmt og koldt vand<br \/>\nK\u00f8leskab<br \/>\nAircondition incl varme i alle rum<br \/>\nHavem\u00f8bler og grill<\/p>\n<p><b>Afstand \/ Udsigt<\/b><br \/>\nSwimmingpool\t200m<br \/>\nVanskelig tilg\u00e6ngelig klippekyst \t300 m<br \/>\nSandstrand (i bil ca. 10 minutter 5-6 km, til fods 3km)<br \/>\nIndk\u00f8bsmulighed\t\t7 km<br \/>\nRestaurant\t\t\t200 m<\/p>\n<p>Panoramaudsigt over det Ioniske hav<\/p>\n<p>N\u00e6rmeste st\u00f8rre byer:<br \/>\nSoverato\t\t\t10 km<br \/>\nCatanzaro\t\t\t11 km<\/p>\n<p><b>Rum<\/b><br \/>\nSovev\u00e6relse:<br \/>\n2 sovepladser (Dobbeltseng)<br \/>\nSovev\u00e6relse 2:<br \/>\n2 sovepladser (Enkeltsenge)<br \/>\nOpholdsstue\/k\u00f8kken<br \/>\n2 sovepladser (Dobbeltseng)<br \/>\nBadev\u00e6relse:<br \/>\nWC, bruser<br \/>\n2 store terasser<\/p>\n<p><b>Grundtegning:<\/b><br \/>\n<img decoding=\"async\" src=\"https:\/\/aligraph.dk\/ejendom\/wp-content\/uploads\/2021\/03\/lejligheden.jpg\" border=\"0\"><br \/>\n<a href=\"foto_1_DK.asp\" target=\"_blank\" onfocus=\"this.blur()\" rel=\"noopener\">Se foto&#8217;s fra lejligheden<\/a><\/p>\n","protected":false},"excerpt":{"rendered":"<p>Casa del Mare Lejligheden er beliggende l\u00e6ngst mod syd i Italien. Adressen er: &nbsp;&nbsp;&nbsp;&nbsp;&nbsp;Via Santa Maria del Mare &#8211; GA26 &nbsp;&nbsp;&nbsp;&nbsp;&nbsp;88069 Staletti &nbsp;&nbsp;&nbsp;&nbsp;&nbsp;Calabria, Italy Vis p\u00e5 kort (Koordinat: 38.75479,16.56517) Smukke Calabrien: Sk\u00f8n lys feriebolig best\u00e5ende af stue med \u00e5bent k\u00f8kken samt 2 v\u00e6relser, i alt 6 sovepladser, 2 meget store ugenerte terrasser med panoramudsigt til [&hellip;]<\/p>\n","protected":false},"author":1,"featured_media":0,"parent":63,"menu_order":0,"comment_status":"closed","ping_status":"closed","template":"","meta":{"footnotes":""},"class_list":["post-120","page","type-page","status-publish","hentry"],"_links":{"self":[{"href":"https:\/\/aligraph.dk\/ejendom\/wp-json\/wp\/v2\/pages\/120","targetHints":{"allow":["GET"]}}],"collection":[{"href":"https:\/\/aligraph.dk\/ejendom\/wp-json\/wp\/v2\/pages"}],"about":[{"href":"https:\/\/aligraph.dk\/ejendom\/wp-json\/wp\/v2\/types\/page"}],"author":[{"embeddable":true,"href":"https:\/\/aligraph.dk\/ejendom\/wp-json\/wp\/v2\/users\/1"}],"replies":[{"embeddable":true,"href":"https:\/\/aligraph.dk\/ejendom\/wp-json\/wp\/v2\/comments?post=120"}],"version-history":[{"count":5,"href":"https:\/\/aligraph.dk\/ejendom\/wp-json\/wp\/v2\/pages\/120\/revisions"}],"predecessor-version":[{"id":758,"href":"https:\/\/aligraph.dk\/ejendom\/wp-json\/wp\/v2\/pages\/120\/revisions\/758"}],"up":[{"embeddable":true,"href":"https:\/\/aligraph.dk\/ejendom\/wp-json\/wp\/v2\/pages\/63"}],"wp:attachment":[{"href":"https:\/\/aligraph.dk\/ejendom\/wp-json\/wp\/v2\/media?parent=120"}],"curies":[{"name":"wp","href":"https:\/\/api.w.org\/{rel}","templated":true}]}}