{"id":128,"date":"2021-03-06T00:02:51","date_gmt":"2021-03-05T23:02:51","guid":{"rendered":"https:\/\/aligraphdk.newsite.dk\/ejendom\/?page_id=128"},"modified":"2022-05-14T23:17:01","modified_gmt":"2022-05-14T21:17:01","slug":"maden","status":"publish","type":"page","link":"https:\/\/aligraph.dk\/ejendom\/casa-del-mare\/maden\/","title":{"rendered":"Maden"},"content":{"rendered":"<h1>Casa del Mare<\/h1>\r\n<p><u><b>Maden<\/b><\/u><br \/>Der bliver fisket meget i havene omkring Calabrien, og restauranterne har altid frisk fisk p\u00e5 spisekortet. Sv\u00e6rdfisken er deres national-fisk, men der f\u00e5s ogs\u00e5 rigtig mange andre fisk, som ofte serveres grillede. Der er rigtig mange former for bl\u00e6ksprutte tillavet p\u00e5 forskellig vis.<br \/>Pr\u00f8v evt. &#8220;Paranza&#8221;, der er sm\u00e5 fisk der er ristet hele og som serveres som snaks inden maden.<br \/>Gr\u00f8ntsager og frugt smager himmelsk &#8211; vinen er god og billig.<br \/>Man kan p\u00e5 barer f\u00e5 sig en \u00f8l eller en kop caffe latte for 1 euro.<br \/>Og en karaffel vin (halv liter) for 2!<br \/>Menu p\u00e5 god restaurant bel\u00f8ber sig til ca. 150 kr. ( 5 sm\u00e5 retter samt vin), men der er naturligvis ogs\u00e5 her pris- og kvalitetsforskelle, som ogs\u00e5 skifter over tid.<br \/><b><u><\/u><\/b><\/p>\r\n<p><b><u>Gode spisesteder i n\u00e6rheden af lejligheden:<\/u><\/b><\/p>\r\n<ul>\r\n<li>Denne restaurant er desv\u00e6rre lukket i \u00f8jeblikket: Ristorante &#8220;Santa Maria del Mare&#8221; &#8211; beliggende i bebyggelsen 2-3 minutters g\u00e5afstand fra lejligheden med fantastisk udsigt og pizza i stenovn (prisen er ok). <a href=\"https:\/\/her.is\/2uttzgA\" target=\"_blank\" rel=\"noopener\">Se p\u00e5 kort<\/a> (Koordinat: 38.75499, 16.5641).<\/li>\r\n<li>* &#8220;<a href=\"https:\/\/www.tripadvisor.com\/Restaurant_Review-g1799436-d7039156-Reviews-Luna_Convento_Ristorante-Copanello_Province_of_Catanzaro_Calabria.html\">Luna Convento Ristorante<\/a>&#8221; (t\u00e6t p\u00e5 lejligheden med fantastisk udsigt &#8211; lige f\u00f8r tunnel imod Catanzaro p\u00e5 vandsiden) tlf: +39 388 056 2028<\/li>\r\n<li>** God og billig restaurant\/pizzaria: &#8220;<a href=\"http:\/\/www.ristoranteilvelierocz.it\/\" target=\"_blank\" rel=\"noopener\">Ristorante Pizzeria Il Veliero<\/a>&#8221; ved hovedvejen imod Catanzaro. Via Risorgimento, 110, 88021 Roccelletta di Borgia, Borgia CZ, Italien &#8211; Telefon: +39 0961 391389). <a href=\"https:\/\/her.is\/2vpKSDZ\" target=\"_blank\" rel=\"noopener\">Se p\u00e5 kort<\/a> (Koordinat: 38.81487, 16.60346).<\/li>\r\n<li>** Fiskerestaurant &#8220;<a href=\"https:\/\/www.tripadvisor.com\/Restaurant_Review-g1096299-d2309302-Reviews-Le_Ricchezze_del_Mare-Squillace_Province_of_Catanzaro_Calabria.html\">Le Ricchezze del Mare<\/a>&#8221; En dejlig fiske og skaldyrsrestaurant lidt bag domkirken i Squillace. (Koordinat: 38.78138, 16.52308)<\/li>\r\n<li>Sushi Restaurant: &#8220;<a href=\"https:\/\/www.ristorantejapwasabi.com\/\" target=\"_blank\" rel=\"noopener\">Wasabi&#8217;s &#8220;Japanese Experience<\/a>&#8221; ved hovedvejen imod Catanzaro. Via Aiace, 88069 &#8211; Squillace Lido (super Sushi)(38\u00b046&#8217;57.2&#8243;N &#8211; 16\u00b034&#8217;16.8&#8243;E) Tel. 0961.915516 <a href=\"http:\/\/here.com\/italy\/squillace\/88069-squillace-catanzaro%2C-italy\/map=38.78250795077534,16.571089624621806,14\/title=M.rest.WasabiJapanese\" target=\"_blank\" rel=\"noopener\">Se p\u00e5 kort<\/a><\/li>\r\n<li>** &#8220;<a href=\"https:\/\/www.facebook.com\/Klaxon.Pizzeria\/\">Ristorante Pizzeria Klaxon<\/a>&#8221; &#8211; l\u00e6kre pizzaer og meget mere. Ligge p\u00e5 Via Cristoforo Colombo 8, i Soverato. +39 096723387.\u00a0 (Koordinat: 38.68937, 16.55212)<\/li>\r\n<li>* &#8220;La Tavola di Melusinda&#8221;: Ligger lidt gemt i midten af Soverato lidt v\u00e6k fra promenaden men hvor mad og servering er i top! (ligger p\u00e5 Via della Vittoria 1). Nok den bedste restaurant i Soverato og stadig et fornuftigt prissleje. <a href=\"https:\/\/her.is\/2v66ELP\" target=\"_blank\" rel=\"noopener\">Se p\u00e5 kort<\/a> (Koordinat: 38.68915, 16.54807).<\/li>\r\n<li>* &#8220;La Perla&#8221; Ligger for enden af strandpromenaden i Soverato p\u00e5 hovedgaden (Via Cristoforo Colombo 6). Fin mad til prisen <a href=\"https:\/\/her.is\/2v66x32\" target=\"_blank\" rel=\"noopener\">Se p\u00e5 kort<\/a> (Koordinat: 38.68921, 16.55255).<\/li>\r\n<li>&#8220;La Rossa&#8221; i Soverato &#8211; billig og enkel restaurant<\/li>\r\n<li>Ristorante &#8220;da Moreno&#8221;(tortorelli moreno) Via Dello Ionio 34, Soverato. Ligger p\u00e5 modsatte siden af promenaden lige over for Mira Mare(cafe, restaurant, diskotek). Her kan man f\u00e5 b\u00e5de fisk og k\u00f8de. God kvalitet og hyggeligt!<\/li>\r\n<li>&#8220;Lido Domenico&#8221; &#8211; ligger i Soverato for enden af promenaden i centrum. god udsigt og mad der svarer til prisen!<\/li>\r\n<li>Ristorante &#8220;Rivera&#8221; i Soverato, Via Regina Elena 4\/6, tlf: 0967 530196<\/li>\r\n<li>Ristorante &#8220;DonPedro&#8221; i Soverato, Via Lungomare Europa (Speciale fisk og pizza) tlf: 0967 25888<\/li>\r\n<li>Ristorante &#8220;Erreffe&#8221; &#8211; beliggende f\u00f8rst for p\u00e5 hovedgaden i Soverato th.(Corso Umberto I 9-11)<\/li>\r\n<li>Ristorante &#8220;Gambrinus&#8221; (Via Nationale n.3) Montepaone Lido<\/li>\r\n<\/ul>\r\n<p>&nbsp;<\/p>\r\n\r\n<p>&nbsp;<\/p>\r\n","protected":false},"excerpt":{"rendered":"<p>Casa del Mare MadenDer bliver fisket meget i havene omkring Calabrien, og restauranterne har altid frisk fisk p\u00e5 spisekortet. Sv\u00e6rdfisken er deres national-fisk, men der f\u00e5s ogs\u00e5 rigtig mange andre fisk, som ofte serveres grillede. Der er rigtig mange former for bl\u00e6ksprutte tillavet p\u00e5 forskellig vis.Pr\u00f8v evt. &#8220;Paranza&#8221;, der er sm\u00e5 fisk der er ristet [&hellip;]<\/p>\n","protected":false},"author":1,"featured_media":0,"parent":63,"menu_order":0,"comment_status":"closed","ping_status":"closed","template":"","meta":{"footnotes":""},"class_list":["post-128","page","type-page","status-publish","hentry"],"_links":{"self":[{"href":"https:\/\/aligraph.dk\/ejendom\/wp-json\/wp\/v2\/pages\/128","targetHints":{"allow":["GET"]}}],"collection":[{"href":"https:\/\/aligraph.dk\/ejendom\/wp-json\/wp\/v2\/pages"}],"about":[{"href":"https:\/\/aligraph.dk\/ejendom\/wp-json\/wp\/v2\/types\/page"}],"author":[{"embeddable":true,"href":"https:\/\/aligraph.dk\/ejendom\/wp-json\/wp\/v2\/users\/1"}],"replies":[{"embeddable":true,"href":"https:\/\/aligraph.dk\/ejendom\/wp-json\/wp\/v2\/comments?post=128"}],"version-history":[{"count":6,"href":"https:\/\/aligraph.dk\/ejendom\/wp-json\/wp\/v2\/pages\/128\/revisions"}],"predecessor-version":[{"id":1127,"href":"https:\/\/aligraph.dk\/ejendom\/wp-json\/wp\/v2\/pages\/128\/revisions\/1127"}],"up":[{"embeddable":true,"href":"https:\/\/aligraph.dk\/ejendom\/wp-json\/wp\/v2\/pages\/63"}],"wp:attachment":[{"href":"https:\/\/aligraph.dk\/ejendom\/wp-json\/wp\/v2\/media?parent=128"}],"curies":[{"name":"wp","href":"https:\/\/api.w.org\/{rel}","templated":true}]}}