{"id":132,"date":"2021-03-06T00:03:20","date_gmt":"2021-03-05T23:03:20","guid":{"rendered":"https:\/\/aligraphdk.newsite.dk\/ejendom\/?page_id=132"},"modified":"2026-04-16T23:12:37","modified_gmt":"2026-04-16T21:12:37","slug":"afstande-og-kort","status":"publish","type":"page","link":"https:\/\/aligraph.dk\/ejendom\/casa-del-mare\/afstande-og-kort\/","title":{"rendered":"Afstande og kort"},"content":{"rendered":"<h1>Casa del Mare<\/h1>\n<p><center>Lejligheden er beliggende l\u00e6ngst mod syd i Italien.<br \/>\nAdressen er:<br \/>\nVia Santa Maria del Mare &#8211; GA26<br \/>\n88069 Staletti<br \/>\nCalabria, ItalyEfterf\u00f8lgende er angivet afstande og k\u00f8retider til en r\u00e6kke byer<\/p>\n<table border=\"6\">\n<tbody>\n<tr>\n<td><b>By<\/b><\/td>\n<td><b>Afstand<br \/>\nKm.<\/b><\/td>\n<td><b>K\u00f8retid<br \/>\nTimer<\/b><\/td>\n<td rowspan=\"7\">\n<map name=\"menu\">\n<area alt=\"Italien\" coords=\"0,0,620,560\" shape=\"rect\" \/>\n <\/map>\n<p><img decoding=\"async\" src=\"https:\/\/aligraph.dk\/ejendom\/wp-content\/uploads\/2021\/03\/italia.gif\" usemap=\"#menu\" width=\"300\" border=\"0\" \/><\/td>\n<\/tr>\n<tr>\n<td>K\u00f8benhavn<\/td>\n<td>2420<\/td>\n<td>25:30<\/td>\n<\/tr>\n<tr>\n<td><a href=\"https:\/\/maps.app.goo.gl\/aQKqvXMKXtN34DTk8\" target=\"_blank\" rel=\"noopener\">Rom-Ciampino Lufthavn<\/a><\/td>\n<td>618<\/td>\n<td>6:00<\/td>\n<\/tr>\n<tr>\n<td><a href=\"https:\/\/maps.app.goo.gl\/dvbV2hKVbLGjUBEg7\" target=\"_blank\" rel=\"noopener\">Napoli<br \/>\nlufthavn<\/a><\/td>\n<td>423<\/td>\n<td>4:10<\/td>\n<\/tr>\n<tr>\n<td><a href=\"http:\/\/www.CasaDelCedro.dk\" target=\"_blank\" rel=\"noopener\">Santa Maria del<br \/>\nCedro<\/a><\/td>\n<td>160<\/td>\n<td>2:20<\/td>\n<\/tr>\n<tr>\n<td><a href=\"https:\/\/maps.app.goo.gl\/AiD6CPATkopabZBC6\" target=\"_blank\" rel=\"noopener\">Lamezia Terme<br \/>\nlufthavn<\/a><\/td>\n<td>50<\/td>\n<td>0:40<\/td>\n<\/tr>\n<tr>\n<td>Reggio di<br \/>\nCalabria<\/td>\n<td>175<\/td>\n<td>1:50<\/td>\n<\/tr>\n<\/tbody>\n<\/table>\n<p><\/center><\/p>\n<p>Ved uheld p\u00e5 autostradaen kan du eventuelt l\u00e6se mere <a href=\"http:\/\/www.motorionline.com\/traffico\/autostrada\/A1\/?refresh_ce\" target=\"_blank\" rel=\"noopener\"> her. <\/a><br \/>\nL\u00e6s mere om Telepas og afgifter p\u00e5 <a href=\"https:\/\/www.autostrade.it\/it\/home\" target=\"_blank\" rel=\"noopener\"> Autostrada per l\u00b4\u00edtalia. <\/a><\/p>\n<h3>Hvor finder jeg:<\/h3>\n<p>Her kommer en r\u00e6kke steder med koordinater til GPS:<\/p>\n<p><\/center><\/p>\n<ul>\n<li><a href=\"https:\/\/maps.app.goo.gl\/nUFTNST8m45f6BbR8\" target=\"_blank\" rel=\"noopener\">Santa Maria del Mare<\/a> (Koordinat: 38.75479,16.56517)<\/li>\n<li><a href=\"https:\/\/maps.app.goo.gl\/gi9KRuxkdd1yCYy99\" target=\"_blank\" rel=\"noopener\">Borg: Squillace<\/a> (Koordinat: 38.78123,16.51855)<\/li>\n<li><a href=\"https:\/\/maps.app.goo.gl\/yGLXRvTozWYc3rsR6\" target=\"_blank\" rel=\"noopener\">Squillace Domkirke<\/a> (Koordinat: 38.78149, 16.52189)<\/li>\n<li><a href=\"https:\/\/maps.app.goo.gl\/vhzHmjG9ukFVs8e39\" target=\"_blank\" rel=\"noopener\">Borg: Parco scolacium<\/a> (Koordinat: 38.80838,16.59507)<\/li>\n<li><a href=\"https:\/\/maps.app.goo.gl\/uExyZU6nuQJoXVPQ6\" target=\"_blank\" rel=\"noopener\">Borg: le Castella<\/a> (Koordinat: 38.90797,17.02439)<\/li>\n<li><a href=\"https:\/\/maps.app.goo.gl\/zM9QfevATQzRHKCTA\" target=\"_blank\" rel=\"noopener\">Borg: Santa Severina<\/a> (Koordinat: 39.14664,16.9147)<\/li>\n<li><a href=\"https:\/\/maps.app.goo.gl\/Kps8yuq4h5mdeTVL9\" target=\"_blank\" rel=\"noopener\">Klippelagune: san Martino<\/a> (Koordinat: 38.75987,16.57085)<\/li>\n<li><a href=\"https:\/\/maps.app.goo.gl\/mx5SYaiHbnaCVdDi9\" target=\"_blank\" rel=\"noopener\">Supermarked Le Vele<\/a> (Koordinat: 38.71779,16.53262)<\/li>\n<li><a href=\"https:\/\/maps.app.goo.gl\/c8pTANb6RGLDBmin8\" target=\"_blank\" rel=\"noopener\">Supermarked<\/a> (Koordinat: 38.78837,16.57488)<\/li>\n<li><a href=\"https:\/\/maps.app.goo.gl\/JRFdUgk9Mfi7k2dY7\" target=\"_blank\" rel=\"noopener\">Strand Lagune Pietragrande<\/a> (Koordinat: 38.74207,16.55807)<\/li>\n<li><a href=\"https:\/\/maps.app.goo.gl\/HNRjztzBwhuTbouw5\" target=\"_blank\" rel=\"noopener\">Strand Via Lungomare<\/a> (Koordinat: 38.74968,16.56051)<\/li>\n<li><a href=\"https:\/\/maps.app.goo.gl\/TYh5B4R15aeGQ5mr7\" target=\"_blank\" rel=\"noopener\">Ristorante Pizzeria Il Veliero<\/a> (Koordinat: 38.81487, 16.60346)<\/li>\n<li><a href=\"https:\/\/maps.app.goo.gl\/hGL9efmsfakpLQTJ6\" target=\"_blank\" rel=\"noopener\">Paninibar<\/a> (Koordinat: 38.74445,16.5567)<\/li>\n<li><a href=\"https:\/\/maps.app.goo.gl\/zEawwiapwNaP9r1N7\" target=\"_blank\" rel=\"noopener\">San Giovanni f\u00e6rge til Sicilien<\/a> (Koordinat: 38.21388,15.63523)<\/li>\n<li><a href=\"https:\/\/maps.app.goo.gl\/RWUykCQfP4dVzrBPA\" target=\"_blank\" rel=\"noopener\">Messina Domkirken med ur<\/a> (Koordinat: 38.1916,15.5549)<\/li>\n<li><a href=\"https:\/\/maps.app.goo.gl\/opukfoAx66Syt3w19\" target=\"_blank\" rel=\"noopener\">Messina f\u00e6rge tilbage til Calabrien<\/a> (Koordinat: 38.18772,15.56112)<\/li>\n<li><a href=\"https:\/\/maps.app.goo.gl\/Rkg1nycbfVZpZiyU9\" target=\"_blank\" rel=\"noopener\">F\u00e6rge Tremestieri tilbage til Calabrien<\/a> (Koordinat: 38.13138,15.52259)<\/li>\n<li><a href=\"https:\/\/maps.app.goo.gl\/2jwAuMVEaFri9ZV6A\" target=\"_blank\" rel=\"noopener\">P-hus Taormina<\/a> (Koordinat: 37.84973,15.28061)<\/li>\n<li><a href=\"https:\/\/maps.app.goo.gl\/Ba3EHYhPC39uvZwS6\" target=\"_blank\" rel=\"noopener\">Etna P-plads<\/a> (Koordinat: 37.70001,14.99858)<\/li>\n<li><a href=\"https:\/\/maps.app.goo.gl\/RNp4M3cdkrYKzp3t7\" target=\"_blank\" rel=\"noopener\">Agriturismo Ghiritina<\/a> (Koordinat: 37.90076, 15.15837)<\/li>\n<li><a href=\"https:\/\/maps.app.goo.gl\/T3VuXdHou6R5ZbbD8\" target=\"_blank\" rel=\"noopener\">Restaurant Al Feudo<\/a> (Koordinat: 37.83869, 15.23306)<\/li>\n<li><a href=\"https:\/\/maps.app.goo.gl\/zqqudmYhpBbvSf6v9\" target=\"_blank\" rel=\"noopener\">SantaMariaDelCedro<\/a> (Koordinat: 39.74693,15.839)<\/li>\n<li><a href=\"https:\/\/maps.app.goo.gl\/cjPLiSpTvpKHRpH67\" target=\"_blank\" rel=\"noopener\">La Rondinela AgriTurismo<\/a> (Koordinat: 39.82083,15.81209)<\/li>\n<li><a href=\"https:\/\/maps.app.goo.gl\/JwBvb1kWDYkKFGDT6\" target=\"_blank\" rel=\"noopener\">Napoli lufthavn<\/a> (Koordinat: 40.87569, 14.28419)<\/li>\n<\/ul>\n<p><center><\/p>\n<h3>K\u00f8revejledning fra Nord (fra Catanzaro):<\/h3>\n<table border=\"6\">\n<tbody>\n<tr>\n<td>\n<map name=\"smdmn\">\n<area alt=\"Santa_Maria_del_Mare_Nord\" coords=\"0,0,650,500\" shape=\"rect\" \/>\n <\/map>\n<p><img decoding=\"async\" src=\"https:\/\/aligraph.dk\/ejendom\/wp-content\/uploads\/2021\/03\/KV_SMDM_byN.jpg\" usemap=\"#smdmn\" width=\"650\" border=\"0\" \/><\/td>\n<\/tr>\n<\/tbody>\n<\/table>\n<p><span style=\"color: inherit; font-family: 'Inter var', -apple-system, BlinkMacSystemFont, 'Helvetica Neue', Helvetica, sans-serif; font-size: 40px; font-weight: bold; letter-spacing: -0.0415625em;\">K\u00f8revejledning fra Syd (fra Soverato):<\/span><\/p>\n<p><\/center><center><\/p>\n<table border=\"6\">\n<tbody>\n<tr>\n<td>\n<map name=\"smdmS\">\n<area alt=\"Santa Maria del Mare Syd\" coords=\"0,0,650,500\" shape=\"rect\" \/>\n <\/map>\n<p><img decoding=\"async\" src=\"https:\/\/aligraph.dk\/ejendom\/wp-content\/uploads\/2021\/03\/KV_SMDM_byS.jpg\" usemap=\"#smdmS\" width=\"650\" border=\"0\" \/><\/td>\n<\/tr>\n<\/tbody>\n<\/table>\n<p><span style=\"color: inherit; font-size: 40px; font-weight: bold; letter-spacing: -0.0415625em; font-family: 'Inter var', -apple-system, BlinkMacSystemFont, 'Helvetica Neue', Helvetica, sans-serif;\">K\u00f8revejledning strand og butikscenter:<\/span><\/p>\n<p><\/center><center><\/p>\n<table border=\"6\">\n<tbody>\n<tr>\n<td>\n<map name=\"SoveratoN\">\n<area alt=\"Strand og LeVele\" coords=\"0,0,650,500\" shape=\"rect\" \/>\n <\/map>\n<p><img decoding=\"async\" src=\"https:\/\/aligraph.dk\/ejendom\/wp-content\/uploads\/2021\/03\/KV_SoveratoN.jpg\" usemap=\"#SoveratoN\" width=\"650\" border=\"0\" \/><\/td>\n<\/tr>\n<\/tbody>\n<\/table>\n<p><span style=\"color: inherit; font-family: 'Inter var', -apple-system, BlinkMacSystemFont, 'Helvetica Neue', Helvetica, sans-serif; font-size: 40px; font-weight: bold; letter-spacing: -0.0415625em;\">Soverato &#8211; restauranter mm.:<\/span><\/p>\n<p><\/center><center><\/p>\n<table border=\"6\">\n<tbody>\n<tr>\n<td>\n<map name=\"Soverato\">\n<area alt=\"Soverato\" coords=\"0,0,650,500\" shape=\"rect\" \/>\n <\/map>\n<p><img decoding=\"async\" src=\"https:\/\/aligraph.dk\/ejendom\/wp-content\/uploads\/2021\/03\/KV_Soverato.jpg\" usemap=\"#Soverato\" width=\"650\" border=\"0\" \/><\/td>\n<\/tr>\n<\/tbody>\n<\/table>\n<h3><u><b>Andre Kort:<\/b><\/u><\/h3>\n<p>Du kan finde lejligheden p\u00e5 Google Earth med f\u00f8lgende koordinater:<br \/>\n38.755190\u00b0, 16.564931\u00b0<\/p>\n<p><a href=\"http:\/\/maps.google.com\/maps?f=q&amp;hl=en&amp;geocode=&amp;q=Santa+Maria+del+Mare+Torrazzo,+Stalett%C3%AC+Catanzaro,+Calabria,+Italy&amp;sll=39.044786,16.567383&amp;sspn=8.802634,14.106445&amp;ie=UTF8&amp;ll=38.755196,16.56572&amp;spn=0.004317,0.006888&amp;z=17&amp;iwloc=addr&amp;om=1\" target=\"_blank\" rel=\"noopener\">Google Maps<\/a><\/p>\n<p><a href=\"http:\/\/www.paginegialle.it\/pg\/cgi\/pgHome.cgi?l=1&amp;form=0&amp;tipo=0&amp;z=5&amp;lon=16.56521&amp;lat=38.75503&amp;cf=61&amp;cb=0\">De Gule sider Oversigtskort<\/a><\/p>\n<p><a href=\"http:\/\/www.discoveritalia.it\/mappe\/mappeRaster.asp?az=localita&amp;townname=Santa%20Maria%20del%20Cedro'\" target=\"_blank\" rel=\"noopener\">Italien vejkort<\/a><\/p>\n<h3>Kommunen:<\/h3>\n<p><a href=\"http:\/\/www.comuni-italiani.it\/079\/143\/index.html\" target=\"_blank\" rel=\"noopener\">Comune di Staletti<\/a><\/p>\n<p><a href=\"Calabrien_Nationalparker_DK.asp\" target=\"_blank\" rel=\"noopener\">Nationalparker<\/a><\/p>\n","protected":false},"excerpt":{"rendered":"<p>Casa del Mare Lejligheden er beliggende l\u00e6ngst mod syd i Italien. Adressen er: Via Santa Maria del Mare &#8211; GA26 88069 Staletti Calabria, ItalyEfterf\u00f8lgende er angivet afstande og k\u00f8retider til en r\u00e6kke byer By Afstand Km. K\u00f8retid Timer K\u00f8benhavn 2420 25:30 Rom-Ciampino Lufthavn 618 6:00 Napoli lufthavn 423 4:10 Santa Maria del Cedro 160 2:20 [&hellip;]<\/p>\n","protected":false},"author":1,"featured_media":0,"parent":63,"menu_order":0,"comment_status":"closed","ping_status":"closed","template":"","meta":{"footnotes":""},"class_list":["post-132","page","type-page","status-publish","hentry"],"_links":{"self":[{"href":"https:\/\/aligraph.dk\/ejendom\/wp-json\/wp\/v2\/pages\/132","targetHints":{"allow":["GET"]}}],"collection":[{"href":"https:\/\/aligraph.dk\/ejendom\/wp-json\/wp\/v2\/pages"}],"about":[{"href":"https:\/\/aligraph.dk\/ejendom\/wp-json\/wp\/v2\/types\/page"}],"author":[{"embeddable":true,"href":"https:\/\/aligraph.dk\/ejendom\/wp-json\/wp\/v2\/users\/1"}],"replies":[{"embeddable":true,"href":"https:\/\/aligraph.dk\/ejendom\/wp-json\/wp\/v2\/comments?post=132"}],"version-history":[{"count":19,"href":"https:\/\/aligraph.dk\/ejendom\/wp-json\/wp\/v2\/pages\/132\/revisions"}],"predecessor-version":[{"id":1313,"href":"https:\/\/aligraph.dk\/ejendom\/wp-json\/wp\/v2\/pages\/132\/revisions\/1313"}],"up":[{"embeddable":true,"href":"https:\/\/aligraph.dk\/ejendom\/wp-json\/wp\/v2\/pages\/63"}],"wp:attachment":[{"href":"https:\/\/aligraph.dk\/ejendom\/wp-json\/wp\/v2\/media?parent=132"}],"curies":[{"name":"wp","href":"https:\/\/api.w.org\/{rel}","templated":true}]}}