{"id":134,"date":"2021-03-06T00:03:36","date_gmt":"2021-03-05T23:03:36","guid":{"rendered":"https:\/\/aligraphdk.newsite.dk\/ejendom\/?page_id=134"},"modified":"2021-03-09T23:51:22","modified_gmt":"2021-03-09T22:51:22","slug":"nationalparker","status":"publish","type":"page","link":"https:\/\/aligraph.dk\/ejendom\/casa-del-mare\/nationalparker\/","title":{"rendered":"Nationalparker"},"content":{"rendered":"\r\n<h1>Casa del Mare<\/h1>\r\n<p><strong>Pollino Nationalpark<\/strong><\/p>\r\n\r\n\r\n\r\n<figure class=\"wp-block-image size-large\"><img decoding=\"async\" src=\"https:\/\/aligraph.dk\/wp-content\/uploads\/CasaDelCedro\/Carta_copia.gif\" alt=\"\" class=\"wp-image-124\"\/><\/figure>\r\n\r\n\r\n\r\n<p><\/p>\r\n\r\n\r\n<table border=\"0\" width=\"100%\" cellspacing=\"0\" cellpadding=\"0\">\r\n<tbody>\r\n<tr>\r\n<td colspan=\"2\" valign=\"top\">\r\n<h2><b>Nationalparker mm. i Calabrien<\/b><\/h2>\r\n<\/td>\r\n<\/tr>\r\n<tr>\r\n<td colspan=\"2\" valign=\"top\">Interaktiv kort &#8211; klik p\u00e5 omr\u00e5det og f\u00e5 flere oplysninger (p\u00e5 engelsk)<\/td>\r\n<\/tr>\r\n<tr>\r\n<td colspan=\"2\" valign=\"top\"><img loading=\"lazy\" decoding=\"async\" src=\"https:\/\/aligraph.dk\/wp-content\/uploads\/CasaDelCedro\/map.jpeg\" alt=\"Interactive map Calabria\" usemap=\"#map+b7942bd2\" width=\"473\" height=\"750\" border=\"1\"><p><\/p>\r\n<map name=\"map+b7942bd2\">\r\n<area title=\"PR Serre\" alt=\"PR Serre\" coords=\"208,470,8\" shape=\"circle\" href=\"http:\/\/www.parks.it\/parco.serre\/Eindex.html\" target=\"_blank\">\r\n<area title=\"RS Macchia della Giumenta - S.Salvatore\" alt=\"RS Macchia della Giumenta - S.Salvatore\" coords=\"314,242,321,252\" shape=\"rect\" nohref=\"nohref\">\r\n<area title=\"RS Gariglione Pisarello\" alt=\"RS Gariglione Pisarello\" coords=\"299,318,6\" shape=\"circle\" nohref=\"nohref\">\r\n<area title=\"PN dell'Aspromonte\" alt=\"PN dell'Aspromonte\" coords=\"110,708,110,708,130,713,158,713,172,706,171,684,187,672,175,653,177,634,189,631,199,618,219,610,213,597,215,583,205,577,190,562,179,576,182,587,168,601,155,615,134,626,128,640,119,633,102,644,101,660,108,666,114,668,108,689\" shape=\"poly\" href=\"http:\/\/www.parks.it\/parco.nazionale.aspromonte\/Eindex.html\" target=\"_blank\">\r\n<area title=\"RM Capo Rizzuto\" alt=\"RM Capo Rizzuto\" coords=\"437,351,437,351,458,333,466,369,454,402,432,424,416,421,392,409,397,397,405,397,419,394,424,399,441,381,438,367,447,357\" shape=\"poly\" href=\"http:\/\/www.parks.it\/riserva.marina.capo.rizzuto\/Eindex.html\" target=\"_blank\">\r\n<area title=\"RS Gallopane\" alt=\"RS Gallopane\" coords=\"282,245,4\" shape=\"circle\" nohref=\"nohref\">\r\n<area title=\"PN della Calabria\" alt=\"PN della Calabria\" coords=\"280,326,280,326,291,312,301,315,308,307,324,310,323,318,308,326,298,330,296,338,293,362,284,359,276,339,282,334\" shape=\"poly\" nohref=\"nohref\">\r\n<area title=\"RS Valle del Fiume Lao\" alt=\"RS Valle del Fiume Lao\" coords=\"94,83,115,103\" shape=\"rect\" nohref=\"nohref\">\r\n<area title=\"RS Giganti della Sila\" alt=\"RS Giganti della Sila\" coords=\"253,281,5\" shape=\"circle\" nohref=\"nohref\">\r\n<area title=\"RS Valle del Fiume Argentino\" alt=\"RS Valle del Fiume Argentino\" coords=\"96,123,96,123,113,106,122,112,132,122,123,126,111,128,104,138,96,123\" shape=\"poly\" nohref=\"nohref\">\r\n<area title=\"RS Gole del Raganello\" alt=\"RS Gole del Raganello\" coords=\"203,89,6\" shape=\"circle\" nohref=\"nohref\">\r\n<area title=\"RS Trenta Coste\" alt=\"RS Trenta Coste\" coords=\"263,186,6\" shape=\"circle\" nohref=\"nohref\">\r\n<area title=\"RR Lago di Tarsia\" alt=\"RR Lago di Tarsia\" coords=\"205,182,6\" shape=\"circle\" nohref=\"nohref\">\r\n<area title=\"RR Foce del Crati\" alt=\"RR Foce del Crati\" coords=\"263,144,6\" shape=\"circle\" nohref=\"nohref\">\r\n<area title=\"RS Serra Nicolino - Pian d'Albero\" alt=\"RS Serra Nicolino - Pian d'Albero\" coords=\"157,211,5\" shape=\"circle\" nohref=\"nohref\">\r\n<area title=\"RS Iona Serra della Guardia\" alt=\"RS Iona Serra della Guardia\" coords=\"240,255,5\" shape=\"circle\" nohref=\"nohref\">\r\n<area title=\"RS Tasso-Camigliatello\" alt=\"RS Tasso-Camigliatello\" coords=\"250,271,5\" shape=\"circle\" nohref=\"nohref\">\r\n<area title=\"RS Golia Corvo\" alt=\"RS Golia Corvo\" coords=\"291,247,5\" shape=\"circle\" nohref=\"nohref\">\r\n<area title=\"RS Poverella - Villaggio Mancuso\" alt=\"RS Poverella - Villaggio Mancuso\" coords=\"279,358,6\" shape=\"circle\" nohref=\"nohref\">\r\n<area title=\"RS Coturelle - Piccione\" alt=\"RS Coturelle - Piccione\" coords=\"294,362,5\" shape=\"circle\" nohref=\"nohref\">\r\n<area title=\"RS Cropani - Micone\" alt=\"RS Cropani - Micone\" coords=\"240,541,5\" shape=\"circle\" nohref=\"nohref\">\r\n<area title=\"RS Marchesale\" alt=\"RS Marchesale\" coords=\"214,529,7\" shape=\"circle\" nohref=\"nohref\">\r\n<area title=\"PN del Pollino\" alt=\"PN del Pollino\" coords=\"84,69,84,69,96,57,113,64,140,59,144,92,163,88,171,82,185,86,186,79,211,74,219,64,236,82,233,89,223,86,236,112,231,122,176,101,167,93,160,98,167,109,161,131,152,127,154,139,138,181,121,174,109,184,101,183,104,163,92,152,105,134,95,126,97,107,81,103,81,86,92,77\" shape=\"poly\" href=\"http:\/\/www.parks.it\/parco.nazionale.pollino\/Eindex.html\" target=\"_blank\">\r\n<area title=\"PN della Calabria\" alt=\"PN della Calabria\" coords=\"276,236,276,236,278,266,301,266,298,276,315,266,298,245\" shape=\"poly\" nohref=\"nohref\">\r\n<area title=\"PN della Sila\" alt=\"PN della Sila\" coords=\"263,246,263,246,270,228,287,220,308,224,327,251,327,270,337,304,340,316,319,332,312,343,310,363,296,370,273,359,266,336,275,317,293,300,295,290,274,275,265,265\" shape=\"poly\" href=\"http:\/\/www.parks.it\/parco.nazionale.sila\/Eindex.html\" target=\"_blank\">\r\n<area title=\"PR Serre\" alt=\"PR Serre\" coords=\"272,505,276,513,271,521,274,530,274,537,275,553,279,561,278,575,260,582,242,579,235,560,231,571,231,587,220,584,211,577,209,569,221,561,226,553,218,552,209,542,219,536,219,526,230,525,235,545,249,546,244,537,253,519\" shape=\"poly\" href=\"http:\/\/www.parks.it\/parco.serre\/Eindex.html\" target=\"_blank\">\r\n <\/map>\r\n<\/td>\r\n<\/tr>\r\n<\/tbody>\r\n<\/table>","protected":false},"excerpt":{"rendered":"<p>Casa del Mare Pollino Nationalpark Nationalparker mm. i Calabrien Interaktiv kort &#8211; klik p\u00e5 omr\u00e5det og f\u00e5 flere oplysninger (p\u00e5 engelsk)<\/p>\n","protected":false},"author":1,"featured_media":0,"parent":63,"menu_order":0,"comment_status":"closed","ping_status":"closed","template":"","meta":{"footnotes":""},"class_list":["post-134","page","type-page","status-publish","hentry"],"_links":{"self":[{"href":"https:\/\/aligraph.dk\/ejendom\/wp-json\/wp\/v2\/pages\/134","targetHints":{"allow":["GET"]}}],"collection":[{"href":"https:\/\/aligraph.dk\/ejendom\/wp-json\/wp\/v2\/pages"}],"about":[{"href":"https:\/\/aligraph.dk\/ejendom\/wp-json\/wp\/v2\/types\/page"}],"author":[{"embeddable":true,"href":"https:\/\/aligraph.dk\/ejendom\/wp-json\/wp\/v2\/users\/1"}],"replies":[{"embeddable":true,"href":"https:\/\/aligraph.dk\/ejendom\/wp-json\/wp\/v2\/comments?post=134"}],"version-history":[{"count":4,"href":"https:\/\/aligraph.dk\/ejendom\/wp-json\/wp\/v2\/pages\/134\/revisions"}],"predecessor-version":[{"id":760,"href":"https:\/\/aligraph.dk\/ejendom\/wp-json\/wp\/v2\/pages\/134\/revisions\/760"}],"up":[{"embeddable":true,"href":"https:\/\/aligraph.dk\/ejendom\/wp-json\/wp\/v2\/pages\/63"}],"wp:attachment":[{"href":"https:\/\/aligraph.dk\/ejendom\/wp-json\/wp\/v2\/media?parent=134"}],"curies":[{"name":"wp","href":"https:\/\/api.w.org\/{rel}","templated":true}]}}