{"id":136,"date":"2021-03-06T00:03:48","date_gmt":"2021-03-05T23:03:48","guid":{"rendered":"https:\/\/aligraphdk.newsite.dk\/ejendom\/?page_id=136"},"modified":"2021-03-09T23:52:45","modified_gmt":"2021-03-09T22:52:45","slug":"turforslag","status":"publish","type":"page","link":"https:\/\/aligraph.dk\/ejendom\/casa-del-mare\/turforslag\/","title":{"rendered":"Turforslag"},"content":{"rendered":"<h1>Casa del Mare<\/h1>\n<ul>\n<li><a href=\"#Staletti\">Staletti<\/a><\/li>\n<li><a href=\"#Sila\">Nationalparkerne Sila  Greca, Sila Grande og Sila Piccolo<\/a><\/li>\n<li><a href=\"#Pizzo\">Pizzo<\/a><\/li>\n<li><a href=\"#Tropea\">Tropea<\/a><\/li>\n<li><a href=\"#Badolato\">Badolato<\/a><\/li>\n<li><a href=\"#BrunoStilo\">Serra San Bruno og den Byzantinske kirke i Stilo<\/a><\/li>\n<li><a href=\"#Gerace\">Gerace<\/a><\/li>\n<li><a href=\"#ReggioCalabria\">Reggio de Calabria<\/a><\/li>\n<li><a href=\"#Siciien\">Sicilien<\/a><\/li>\n<li><a href=\"#Etna\">Etna<\/a><\/li>\n<li><a href=\"#Pompeji\">Pompeji<\/a><\/li>\n<li><a href=\"#Amalfi\">Campanien og Amalfikysten.<\/a><\/li>\n<\/ul>\n<p><a name=\"Staletti\"><\/a><br \/>\n<u><b>Staletti<\/b><\/u> (halvdagstur)<\/p>\n<p>Vi kan ogs\u00e5 anbefale en tur til den n\u00e6rmeste by &#8220;Stalleti&#8221; der er hovedbyen i den kommune som bebyggelsen ligger i (bem\u00e6rk de italienske kommuner er meget sm\u00e5). I Staletti findes en fantastisk stor legeplads for b\u00f8rn ved kirken. Staletti er en hyggelig lille by med sm\u00e5 cafeer, butikker.<\/p>\n<p><a name=\"Sila\"><\/a><br \/>\n<u><b>Nationalparkerne Sila  Greca, Sila Grande og Sila Piccolo<\/b><\/u> (heldagstur)<\/p>\n<p>Sila ligger ca. 50km fra lejligheden, men kan byde p\u00e5: Taverne, den kunstige s\u00f8 Lago ampollino,  byen San Giovanni in Fiore hvor kvinderne stadig g\u00e5r i helt specielle kl\u00e6dedragter samt Santa Severina, en yndig bjergby. Sila Piccola er rig p\u00e5 vild fauna, r\u00e5dyr, ulve og \u00f8rred i floderne. Der kan endvidere dyrkes skisport om vinteren samt bjergbestigning.<\/p>\n<p><a name=\"Pizzo\"><\/a><br \/>\n<u><b>Pizzo<\/b><\/u> (heldagstur)<\/p>\n<p>Tag kystvejen eller motorvejen til byen Pizzo.<\/p>\n<p>Nyd udsigt, restauranter, turistby. Spis evt. frokost her. (Husk den specielle is fra Pizzo &#8211; med en lille chokoladekugle i midten)<\/p>\n<p>Videre mod syd til Gioia Tauro hvor der drejes fra ad hovedvej 111 gennem det centrale bjergmassiv mod Locri ved det Ioniske Hav.<\/p>\n<p>Udsigtspunkt Passo del Mercante, vejens h\u00f8jeste og ensomste punkt med udsigt til begge have.<\/p>\n<p>Videre til den smukke by Gerace, som is\u00e6r kendes for den gamle borgruin og et stort antal kirker. Meget smuk by, som is\u00e6r kommer til sin ret ved solnedgang.<\/p>\n<p>Fra Locri mod nord til Stilo &#8211; her ses den ber\u00f8mte Cattolica, den bedst bevarede kirke. Videre gennem Serra San Bruno med det fredfyldt kloster hvor kun m\u00e6nd har adgang (hvis der er tid og dagslys noget tid endnu) &#8211; ellers kystvejen til Catanzaro og tilbage (eller overnatte i Santa Maria del Mare).<\/p>\n<p><a name=\"Tropea\"><\/a><br \/>\n<u><b>Tropea<\/b><\/u> (heldagstur)<\/p>\n<p>K\u00f8r til Tropea, som er en smuk h\u00f8jtbeliggende by med smuk udsigt, meget turistet med mange restauranter og butikker. Der er et dykke-center her.<\/p>\n<p>G\u00e5 i butikker og spis evt. frokost her. Videre ind i landet  til Serra San Bruno &#8211; med det fredfyldte kloster hvor kun m\u00e6nd har adgang, og Santa Maria del Bosco med den ber\u00f8mte dam.<\/p>\n<p>Retur til Pizzo &#8211; h\u00f8jtbeliggende by med smukke  udsigter &#8211; og hjem.<\/p>\n<p><a name=\"Badolato\"><\/a><br \/>\n<u><b>Badolato<\/b><\/u> (halvdagstur)<\/p>\n<p>Badolato er en meget fascinerende og m\u00e6rkv\u00e6rdig gammel by, som ligger p\u00e5 toppen af et bjerg, med gamle bymure, sn\u00e6vre gyder og meget smukke udsigter.<\/p>\n<p>Byen virker lidt skr\u00e6mmende og sp\u00f8gelsesagtig &#8211; men er fortsat beboet.<\/p>\n<p><a name=\"BrunoStilo\"><\/a><br \/>\n<u><b>Serra San Bruno og den Byzantinske kirke i Stilo<\/b><\/u> (heldagstur)<\/p>\n<p>Bes\u00f8g Serra San Bruno med det fredfyldt kloster hvor kun m\u00e6nd har adgang. Smuk tur ind i landet.<\/p>\n<p>Husk at bes\u00f8ge byen Stilo ved den smukke Byzantiske kirke fra det 11.\u00e5rhundrede.<\/p>\n<p><a name=\"Gerace\"><\/a><br \/>\n<u><b>Gerace<\/b><\/u> (heldagstur)<\/p>\n<p>Gerace kendes is\u00e6r for sin gamle, meget smukke borgruin og et stort antal kirker. Meget smuk by, som is\u00e6r kommer til sin ret ved solnedgang. Afgjort et bes\u00f8g v\u00e6rd.<\/p>\n<p><a name=\"ReggioCalabria\"><\/a><br \/>\n<u><b>Reggio de Calabria<\/b><\/u> (heldagstur)<\/p>\n<p>Reggio de Calabria er hovedstaden i Calabrien &#8211; er kendt for de to uforlignelige statuer der blve fundet i havet ud for Calbrien &#8211; kan ses p\u00e5 museet i Reggio. Men en af vores lejere skriver ogs\u00e5 om Reggio : &#8220;super shoppinggade og i juli er der 50% i de fleste butikker (dyrt bekendtskab). Fantastisk flot strandpromenade med palmer, sm\u00e5 badesteder og diverse issteder (m\u00e5ske den flotteste i hele italien if\u00f8lge turen g\u00e5r til&#8230;.og vi giver dem ret). Vi overnattede p\u00e5 &#8220;Hotel de Lido&#8221; (v\u00e6relse med 3 senge incl. morgenmad og parkering til 90 euro)<\/p>\n<p><a name=\"Sicilien\"><\/a><br \/>\n<u><b>Sicilien<\/b><\/u> (heldagstur anbefales flere dage)<\/p>\n<p>N\u00e5r man er i Calabrien er det naturligvis oplagt at tage en tur til Sicilien (sejler fra Reggio Calabria til Mesina).<\/p>\n<p><a name=\"Etna\"><\/a><br \/>\n<u><b>Etna<\/b><\/u> (heldagstur anbefales flere dage)<\/p>\n<p>En af vores g\u00e6ster tog til Etna og boede p\u00e5 vulkanen i &#8220;Rifugio Sapienza&#8221;. Han skriver at det var fedt at opleve vulkanen n\u00e5r alle andre er k\u00f8rt ned &#8211; at opleve Etna alene b\u00e5de aften og morgen. Han var p\u00e5 en trekkingtur p\u00e5 5-6 timer med <a href=\"http:\/\/www.etnaguide.com\" target=\"_blank\" onfocus=\"this.blur()\" rel=\"noopener\">http:\/\/www.etnaguide.com<\/a> &#8211; en supertur hvor man betaler det samme som en alm op og ned tur, men i stedet f\u00e5r man en 5-6 timers tur med masser af info. Der var udbrud i hovedkrateret da han var p\u00e5 Etna og de n\u00e5ede derfor ikke helt til tops, men ellers f\u00e5r man lov at komme helt derop. Han skriver at det var en speciel oplevelse at v\u00e6re lige neden for hovedkrateret og kunne h\u00f8re det buldre og se r\u00f8gen&#8230;&#8230;<\/p>\n<p>Vi kan anbefale overnatning p\u00e5 <a href=\"https:\/\/www.booking.com\/hotel\/it\/ghiritina.html?aid=1213432;label=seogooglelocal-link-imagesaow-hotel-332956_grp-1_gendate-20170526;utm_source=seogooglelocal;utm_medium=photo;utm_term=hotel-332956_photo-19366300\" target=\"_blank\" onfocus=\"this.blur()\" rel=\"noopener\">Agriturismo Ghiritina<\/a> &#8211; ligger n\u00e6r Etna og Taormina, med en fantastisk udsigt til hav, bjerge og Etna. Adresse: Contrada Ghiritina, 98034 Francavilla di Sicilia ME, Italien (Telefon: +39 333 451 5678). <a href=\"https:\/\/wego.here.com\/italien\/francavilla-di-sicilia\/street-square\/francavilla-di-sicilia--loc-dmVyc2lvbj0xO3RpdGxlPUZyYW5jYXZpbGxhK2RpK1NpY2lsaWE7bGF0PTM3LjkwMDc2O2xvbj0xNS4xNTgzNztjb3VudHJ5PUlUQTtjYXRlZ29yeUlkPXBvc3RhbC1hcmVhO3NvdXJjZVN5c3RlbT1pbnRlcm5hbA?map=37.90076,15.15837,15,normal&amp;x=ep\" target=\"_blank\" onfocus=\"this.blur()\" rel=\"noopener\">Se p\u00e5 kort<\/a> (Koordinat: 37.90076, 15.15837).<\/p>\n<p>N\u00e6r dette Agroturismo finder du en god restaurant: <a href=\"https:\/\/www.ristorantealfeudo.com\/\" target=\"_blank\" onfocus=\"this.blur()\" rel=\"noopener\">Al Feudo<\/a>. Adresse: CONTRADA FEO CONIGLIO SS 187, 98039 Trappitello ME, Italien (Telefon: +39 0942 58042) \u00c5bningstid: 12\u201315, 19\u201300. <a href=\"https:\/\/wego.here.com\/italien\/taormina\/street-square\/strada-statale-di-sella-mandrazzi--loc-dmVyc2lvbj0xO3RpdGxlPVN0cmFkYStTdGF0YWxlK2RpK1NlbGxhK01hbmRyYXp6aTtsYXQ9MzcuODM4Njk7bG9uPTE1LjIzMzA2O2NpdHk9VGFvcm1pbmE7cG9zdGFsQ29kZT05ODAzOTtjb3VudHJ5PUlUQTtzdGF0ZUNvZGU9U2ljaWxpZW47Y291bnR5PU1FO2NhdGVnb3J5SWQ9c3RyZWV0LXNxdWFyZTtzb3VyY2VTeXN0ZW09aW50ZXJuYWw?map=37.83869,15.23306,15,normal&amp;x=ep\" target=\"_blank\" onfocus=\"this.blur()\" rel=\"noopener\">Se p\u00e5 kort<\/a> (Koordinat: 37.83869, 15.23306)<\/p>\n<p><a name=\"Pompeji\"><\/a><br \/>\n<u><b>Pompeji<\/b><\/u> (heldagstur anbefales flere dage)<\/p>\n<p>Pompeji og Herculanum (Vesus kan bestiges fra Herculanum). Bes\u00f8g ogs\u00e5 Pozzuoli, hvor det meget vulkanaktive krater Solfatara ligger samt et amfiteater.<\/p>\n<p><a name=\"Amalfi\"><\/a><br \/>\n<u><b>Campanien og Amalfikysten.<\/b><\/u> (heldagstur anbefales flere dage)<\/p>\n<p>K\u00f8r til Salerno, som har gode badestrande og mange yndige kirker. Videre til Paestum med Neptuntemplet og andre romerske monumenter samt gr\u00e6sk teater.<\/p>\n<p>Videre ad kystvejen til Amalfi og en afstikker til Ravello &#8211; den smukkeste by p\u00e5 Amalfikysten. Ber\u00f8mt for sine mange klassiske koncerter, arkitektur og haver samt en fin domkirke. Se ogs\u00e5 Villa Rufolo og Park Villa Cimbrone, som byder p\u00e5 flot udsigt (bes\u00f8g evt. &#8220;terrassen til paradiset&#8221;).<\/p>\n<p>Tilbage til Amalfi, som er en fin turistby &#8211; bes\u00f8g evt. den pittoreske bjergby Scala, hvor der er et kunstner-refugium samt mulighed for smukke vandreture.<\/p>\n<p>Videre ad Amalfikysten gennem Grotta Smeraldo til Positano.<\/p>\n<p>Videre til Sorento, en smuk, k\u00f8lig og fredfyldt by med citronlunde, strand og cafeer.<\/p>\n<p>Herfra kan der sejles til Capri og den Bl\u00e5 Grotte.<\/p>\n<p>Det kunne v\u00e6re en mulighed at overnatte i Amalfi eller p\u00e5 Capri, s\u00e5 der bliver mere tid til alle oplevelserne &#8211; og Capri.<\/p>\n","protected":false},"excerpt":{"rendered":"<p>Casa del Mare Staletti Nationalparkerne Sila Greca, Sila Grande og Sila Piccolo Pizzo Tropea Badolato Serra San Bruno og den Byzantinske kirke i Stilo Gerace Reggio de Calabria Sicilien Etna Pompeji Campanien og Amalfikysten. Staletti (halvdagstur) Vi kan ogs\u00e5 anbefale en tur til den n\u00e6rmeste by &#8220;Stalleti&#8221; der er hovedbyen i den kommune som bebyggelsen [&hellip;]<\/p>\n","protected":false},"author":1,"featured_media":0,"parent":63,"menu_order":0,"comment_status":"closed","ping_status":"closed","template":"","meta":{"footnotes":""},"class_list":["post-136","page","type-page","status-publish","hentry"],"_links":{"self":[{"href":"https:\/\/aligraph.dk\/ejendom\/wp-json\/wp\/v2\/pages\/136","targetHints":{"allow":["GET"]}}],"collection":[{"href":"https:\/\/aligraph.dk\/ejendom\/wp-json\/wp\/v2\/pages"}],"about":[{"href":"https:\/\/aligraph.dk\/ejendom\/wp-json\/wp\/v2\/types\/page"}],"author":[{"embeddable":true,"href":"https:\/\/aligraph.dk\/ejendom\/wp-json\/wp\/v2\/users\/1"}],"replies":[{"embeddable":true,"href":"https:\/\/aligraph.dk\/ejendom\/wp-json\/wp\/v2\/comments?post=136"}],"version-history":[{"count":4,"href":"https:\/\/aligraph.dk\/ejendom\/wp-json\/wp\/v2\/pages\/136\/revisions"}],"predecessor-version":[{"id":1118,"href":"https:\/\/aligraph.dk\/ejendom\/wp-json\/wp\/v2\/pages\/136\/revisions\/1118"}],"up":[{"embeddable":true,"href":"https:\/\/aligraph.dk\/ejendom\/wp-json\/wp\/v2\/pages\/63"}],"wp:attachment":[{"href":"https:\/\/aligraph.dk\/ejendom\/wp-json\/wp\/v2\/media?parent=136"}],"curies":[{"name":"wp","href":"https:\/\/api.w.org\/{rel}","templated":true}]}}