{"id":144,"date":"2021-03-06T00:04:57","date_gmt":"2021-03-05T23:04:57","guid":{"rendered":"https:\/\/aligraphdk.newsite.dk\/ejendom\/?page_id=144"},"modified":"2021-03-09T23:52:01","modified_gmt":"2021-03-09T22:52:01","slug":"praktisk","status":"publish","type":"page","link":"https:\/\/aligraph.dk\/ejendom\/casa-del-mare\/praktisk\/","title":{"rendered":"Praktisk"},"content":{"rendered":"<h1>Casa del Mare<\/h1>\n<p><b>For lejligheden g\u00e6lder f\u00f8lgende generelle regler :<\/b><\/p>\n<ul>\n<li>ingen r\u00f8g (rygning udenfor p\u00e5 terrasserne er OK)<\/li>\n<li>ingen husdyr<\/li>\n<li>erstatningspligtig for skader p\u00e5 bolig og inventar ogs\u00e5 udover depositum.<\/li>\n<\/ul>\n<p>N\u00e5r du lejer vores lejlighed skal du l\u00e6se PDF-filen: &#8220;<a class=\"pdfFile\" title=\"Til_lejere_af_Casa_del_Mare\" href=\"Til_lejere_af_Casa_del_Mare.pdf\" target=\"_blank\" rel=\"noopener\">Til lejere af Casa del Mare<\/a>&#8220;. Du finder her regler og hj\u00e6lp om lejligheden ved ankomst, under opholdet samt ved afrejse.<\/p>\n<p><b>Husk ved ankomst\/afrejse:<\/b><br \/>\nDer fremsendes en checkliste sammen med n\u00f8glerne som f\u00f8lges ved ankomst og afrejse.<br \/>\nDer findes ogs\u00e5 en kopi af disse instrukser i lejligheden.<\/p>\n<p><b>Transport til\/fra:<\/b><br \/>\nVi anbefaler at du l\u00e6ser n\u00e6rmere under &#8220;Leje&#8221; -&gt; &#8220;Fra Danmark&#8221;<br \/>\n<b><\/b><\/p>\n<p><b>Handle, turforslag, hvor finder jeg mm:<\/b><br \/>\nL\u00e6s om maden, spisesteder, turforslag mm. under menupunktet &#8220;Calabrien&#8221;.<\/p>\n<p>Du kan evt. klikke p\u00e5 efterf\u00f8lgende link for at hente en PDF-fil med indholdet af hjemmesiden.<br \/>\nEn udskrift kan v\u00e6re en god hj\u00e6lp n\u00e5r man er i lejligheden: <a class=\"pdfFile\" title=\"Casa del Mare - PDF-fil\" href=\"Casa_del_Mare.pdf\" target=\"_blank\" rel=\"noopener\">hent PDF-fil (1 Mb)<\/a><\/p>\n","protected":false},"excerpt":{"rendered":"<p>Casa del Mare For lejligheden g\u00e6lder f\u00f8lgende generelle regler : ingen r\u00f8g (rygning udenfor p\u00e5 terrasserne er OK) ingen husdyr erstatningspligtig for skader p\u00e5 bolig og inventar ogs\u00e5 udover depositum. N\u00e5r du lejer vores lejlighed skal du l\u00e6se PDF-filen: &#8220;Til lejere af Casa del Mare&#8220;. Du finder her regler og hj\u00e6lp om lejligheden ved ankomst, [&hellip;]<\/p>\n","protected":false},"author":1,"featured_media":0,"parent":63,"menu_order":0,"comment_status":"closed","ping_status":"closed","template":"","meta":{"footnotes":""},"class_list":["post-144","page","type-page","status-publish","hentry"],"_links":{"self":[{"href":"https:\/\/aligraph.dk\/ejendom\/wp-json\/wp\/v2\/pages\/144","targetHints":{"allow":["GET"]}}],"collection":[{"href":"https:\/\/aligraph.dk\/ejendom\/wp-json\/wp\/v2\/pages"}],"about":[{"href":"https:\/\/aligraph.dk\/ejendom\/wp-json\/wp\/v2\/types\/page"}],"author":[{"embeddable":true,"href":"https:\/\/aligraph.dk\/ejendom\/wp-json\/wp\/v2\/users\/1"}],"replies":[{"embeddable":true,"href":"https:\/\/aligraph.dk\/ejendom\/wp-json\/wp\/v2\/comments?post=144"}],"version-history":[{"count":4,"href":"https:\/\/aligraph.dk\/ejendom\/wp-json\/wp\/v2\/pages\/144\/revisions"}],"predecessor-version":[{"id":696,"href":"https:\/\/aligraph.dk\/ejendom\/wp-json\/wp\/v2\/pages\/144\/revisions\/696"}],"up":[{"embeddable":true,"href":"https:\/\/aligraph.dk\/ejendom\/wp-json\/wp\/v2\/pages\/63"}],"wp:attachment":[{"href":"https:\/\/aligraph.dk\/ejendom\/wp-json\/wp\/v2\/media?parent=144"}],"curies":[{"name":"wp","href":"https:\/\/api.w.org\/{rel}","templated":true}]}}