{"id":165,"date":"2021-03-06T00:15:04","date_gmt":"2021-03-05T23:15:04","guid":{"rendered":"https:\/\/aligraphdk.newsite.dk\/ejendom\/?page_id=165"},"modified":"2021-05-04T15:06:54","modified_gmt":"2021-05-04T13:06:54","slug":"beliggenhed","status":"publish","type":"page","link":"https:\/\/aligraph.dk\/ejendom\/sommerhus\/beliggenhed\/","title":{"rendered":"Beliggenhed"},"content":{"rendered":"<h1>Sommerhus<\/h1>\n<p><img loading=\"lazy\" decoding=\"async\" src=\"https:\/\/aligraph.dk\/ejendom\/wp-content\/uploads\/2021\/03\/Odden.jpg\" alt=\"\" width=\"480\" height=\"290\" align=\"BOTTOM\" border=\"0\" \/><\/p>\n<p><span style=\"color: green; font-family: Arial, Helvetica;\">Huset ligger i Overby Lyng p\u00e5 Sj.Odde p\u00e5 Vestsj\u00e6lland, ca 20 km fra Nyk\u00f8bing Sj\u00e6lland.<\/span><\/p>\n<p><span style=\"color: green; font-family: Arial, Helvetica;\">I Nyk\u00f8bing Sj\u00e6lland, som er en rigtig hyggelig ferieby, ligger der Netto, Fakta, Superbrugsen, Irma m.m.<\/span><\/p>\n<p><span style=\"color: green; font-family: Arial, Helvetica;\">I Lums\u00e5s (6,5 km fra huset) ligger en stor Rema 1000.<br \/>\nP\u00e5 Oddenvejen i nordlig retning ligger en stor Superbrugs i den hyggelige fiskerby Havneby. I Havneby kan der k\u00f8bes alle slags fisk p\u00e5 havnen, og ovenfor byen ligger der r\u00f8geri med friskr\u00f8gede varer.<\/span><span style=\"color: green; font-family: Arial, Helvetica;\">\u00a0<\/span><\/p>\n<p><span style=\"color: green; font-family: Arial, Helvetica;\"><u>Hvad byder omr\u00e5det p\u00e5?<\/u><br \/>\nOmr\u00e5det er kendt for lyset p\u00e5 himlen og Kattegats smukke br\u00e6nding mod kysten. Naturen er flot og pr\u00e6get af istiden. Lystfiskere er velkomne, men der er ogs\u00e5 kort afstand til den smukt beliggende Havnebyen, hvor I kan k\u00f8be frisk og nyr\u00f8get fisk p\u00e5 havnen. Tager I helt ud p\u00e5 Gniben, det yderste af Sj\u00e6llands Odde, kan I g\u00e5 langs stranden hele vejen rundt om Odden. Det er ogs\u00e5 tilladt at spadsere p\u00e5 H\u00e6rens Artilleriskoles omr\u00e5de. Istidslandskabet i Odsherred er ganske s\u00e6rligt &#8211; og derfor er Odsherred en Geopark, hvor I kan tage en tur rundt p\u00e5 Gravh\u00f8j-ruten og opleve istidslandskabet, stenalderens dysser og bronzealderens gravh\u00f8je. Ogs\u00e5 Hempel Glasmuseum og Odsherred Museum er bes\u00f8g v\u00e6rd. B\u00f8rnene vil elske at se de mange brandbiler p\u00e5 Odsherred Brandmuseum. Der er ca. 15 km til Sommerland Sj\u00e6lland med masser af forlystelser. I omr\u00e5det er golfbaner, Odsherred Zoo i Asn\u00e6s og Dragsholm Slot fra 1200-tallet, hvor det hvide sp\u00f8gelse huserer. Slottet er natursk\u00f8nt beliggende ved Neksel\u00f8 bugten. Bes\u00f8g ogs\u00e5 de mange kunstgallerier der kendetegner Odsherred. Et bes\u00f8g v\u00e6rd er ogs\u00e5 Nyk\u00f8bing Sj\u00e6lland by med talrige butikker, flere supermarkeder og en hyggelig g\u00e5gade med forretninger og caf\u00e9er, bes\u00f8g Annaberg glasmuseum og\/eller deres meget sk\u00f8nne restaurant beliggende i de smukkeste omgivelser, eller tag til R\u00f8rvig og nyd stemningen p\u00e5 havnen, hvor der kan k\u00f8bes og nydes friskfangede og nyr\u00f8gede fisk hver dag, eller tag p\u00e5 s\u00e6lsafari fra R\u00f8rvig havn.<br \/>\n<\/span><\/p>\n","protected":false},"excerpt":{"rendered":"<p>Sommerhus Huset ligger i Overby Lyng p\u00e5 Sj.Odde p\u00e5 Vestsj\u00e6lland, ca 20 km fra Nyk\u00f8bing Sj\u00e6lland. I Nyk\u00f8bing Sj\u00e6lland, som er en rigtig hyggelig ferieby, ligger der Netto, Fakta, Superbrugsen, Irma m.m. I Lums\u00e5s (6,5 km fra huset) ligger en stor Rema 1000. P\u00e5 Oddenvejen i nordlig retning ligger en stor Superbrugs i den hyggelige [&hellip;]<\/p>\n","protected":false},"author":1,"featured_media":0,"parent":65,"menu_order":0,"comment_status":"closed","ping_status":"closed","template":"","meta":{"footnotes":""},"class_list":["post-165","page","type-page","status-publish","hentry"],"_links":{"self":[{"href":"https:\/\/aligraph.dk\/ejendom\/wp-json\/wp\/v2\/pages\/165","targetHints":{"allow":["GET"]}}],"collection":[{"href":"https:\/\/aligraph.dk\/ejendom\/wp-json\/wp\/v2\/pages"}],"about":[{"href":"https:\/\/aligraph.dk\/ejendom\/wp-json\/wp\/v2\/types\/page"}],"author":[{"embeddable":true,"href":"https:\/\/aligraph.dk\/ejendom\/wp-json\/wp\/v2\/users\/1"}],"replies":[{"embeddable":true,"href":"https:\/\/aligraph.dk\/ejendom\/wp-json\/wp\/v2\/comments?post=165"}],"version-history":[{"count":10,"href":"https:\/\/aligraph.dk\/ejendom\/wp-json\/wp\/v2\/pages\/165\/revisions"}],"predecessor-version":[{"id":823,"href":"https:\/\/aligraph.dk\/ejendom\/wp-json\/wp\/v2\/pages\/165\/revisions\/823"}],"up":[{"embeddable":true,"href":"https:\/\/aligraph.dk\/ejendom\/wp-json\/wp\/v2\/pages\/65"}],"wp:attachment":[{"href":"https:\/\/aligraph.dk\/ejendom\/wp-json\/wp\/v2\/media?parent=165"}],"curies":[{"name":"wp","href":"https:\/\/api.w.org\/{rel}","templated":true}]}}