{"id":167,"date":"2021-03-06T00:15:18","date_gmt":"2021-03-05T23:15:18","guid":{"rendered":"https:\/\/aligraphdk.newsite.dk\/ejendom\/?page_id=167"},"modified":"2025-10-07T15:42:39","modified_gmt":"2025-10-07T13:42:39","slug":"priser","status":"publish","type":"page","link":"https:\/\/aligraph.dk\/ejendom\/sommerhus\/priser\/","title":{"rendered":"Priser"},"content":{"rendered":"<h1>Sommerhus<\/h1>\n<p><!-- 1\/4- : 1626 D 2\/5-27\/6 : 1626 C 27\/6-4\/7 : 2202 B 4\/7-11\/7 : 2880 Sommerferie A 11\/7-8\/8 : 3388 Sommerferie B 8\/8-22\/8 : 2880 Sommerferie C 22\/8-29\/8: 2202 D 29\/8-12\/9: 1626 -31\/10: 1626 --><br \/>\n<span style=\"color: green; font-family: Arial, Helvetica;\">Leje af sommerhus Kongelysvej 2, Overby Lyng, Sj. Odde.<br \/>\nPris for leje er 4.300 kr. pr. uge (4.000 kr. for 2. og f\u00f8lgende uger).<br \/>\nI juli og august m\u00e5ned er priserne dog 4.900 kr. pr. uge (4.600kr for 2. og f\u00f8lgende uger).<br \/>\nDertil str\u00f8mforbrug efter afl\u00e6sning 4,00 kr pr. kwt.<br \/>\nDepositum 2.000 kr.<br \/>\nVed bestilling betales halvdelen af lejeudgiften, hvorefter aftalen er bindende. Resten af lejen samt depositum betales senest 4 uger f\u00f8r lejetidspunktet.<br \/>\nDepositum tilbagebetales, n\u00e5r huset er godkendt og n\u00f8gle returneret.<br \/>\nEl-udgift fratr\u00e6kkes i depositum.<\/span><\/p>\n<p>Lejeperioden er fredag fra kl 17.00 til fredag kl 13.00 med mindre andet aftales.<br \/>\nHuset skal afleveres ryddet og rengjort.<br \/>\nHusk at binde knude p\u00e5 skraldeposer inden de smides i affaldsspanden.<br \/>\nHusk at reng\u00f8re ovn, afrime k\u00f8leskab, t\u00f8m skrald og reng\u00f8r kaffemaskine.<br \/>\nGrill skal t\u00f8mmes og parasol sl\u00e5s sammen og s\u00e6ttes ind i annekset.<\/p>\n<p>Der kan evt aftales reng\u00f8ring til pris af 600 kr. Hus og grund skal dog stadig v\u00e6re ryddet op og affald fjernet.<\/p>\n<p>Vi h\u00e5ber I vil passe godt p\u00e5 huset, og at I vil nyde opholdet.<\/p>\n<p><span style=\"color: green; font-family: Arial, Helvetica;\">\u00a0<\/span><\/p>\n","protected":false},"excerpt":{"rendered":"<p>Sommerhus Leje af sommerhus Kongelysvej 2, Overby Lyng, Sj. Odde. Pris for leje er 4.300 kr. pr. uge (4.000 kr. for 2. og f\u00f8lgende uger). I juli og august m\u00e5ned er priserne dog 4.900 kr. pr. uge (4.600kr for 2. og f\u00f8lgende uger). Dertil str\u00f8mforbrug efter afl\u00e6sning 4,00 kr pr. kwt. Depositum 2.000 kr. Ved [&hellip;]<\/p>\n","protected":false},"author":1,"featured_media":0,"parent":65,"menu_order":0,"comment_status":"closed","ping_status":"closed","template":"","meta":{"footnotes":""},"class_list":["post-167","page","type-page","status-publish","hentry"],"_links":{"self":[{"href":"https:\/\/aligraph.dk\/ejendom\/wp-json\/wp\/v2\/pages\/167","targetHints":{"allow":["GET"]}}],"collection":[{"href":"https:\/\/aligraph.dk\/ejendom\/wp-json\/wp\/v2\/pages"}],"about":[{"href":"https:\/\/aligraph.dk\/ejendom\/wp-json\/wp\/v2\/types\/page"}],"author":[{"embeddable":true,"href":"https:\/\/aligraph.dk\/ejendom\/wp-json\/wp\/v2\/users\/1"}],"replies":[{"embeddable":true,"href":"https:\/\/aligraph.dk\/ejendom\/wp-json\/wp\/v2\/comments?post=167"}],"version-history":[{"count":10,"href":"https:\/\/aligraph.dk\/ejendom\/wp-json\/wp\/v2\/pages\/167\/revisions"}],"predecessor-version":[{"id":1295,"href":"https:\/\/aligraph.dk\/ejendom\/wp-json\/wp\/v2\/pages\/167\/revisions\/1295"}],"up":[{"embeddable":true,"href":"https:\/\/aligraph.dk\/ejendom\/wp-json\/wp\/v2\/pages\/65"}],"wp:attachment":[{"href":"https:\/\/aligraph.dk\/ejendom\/wp-json\/wp\/v2\/media?parent=167"}],"curies":[{"name":"wp","href":"https:\/\/api.w.org\/{rel}","templated":true}]}}