{"id":39,"date":"2021-03-05T19:20:04","date_gmt":"2021-03-05T18:20:04","guid":{"rendered":"https:\/\/aligraphdk.newsite.dk\/ejendom\/?page_id=39"},"modified":"2021-03-09T23:44:22","modified_gmt":"2021-03-09T22:44:22","slug":"befolkningen","status":"publish","type":"page","link":"https:\/\/aligraph.dk\/ejendom\/casa-del-cedro\/befolkningen\/","title":{"rendered":"Befolkningen"},"content":{"rendered":"\r\n<h1>Casa del Cedro<\/h1>\r\n<p>Befolkningen er venlige, og man har indtryk af et meget trygt land at f\u00e6rdes i.<br>Landet er pr\u00e6get af at gr\u00e6kerne har boet og p\u00e5virket flere omr\u00e5der i egnen.<\/p>\r\n\r\n\r\n\r\n<p>Befolkningen er fortsat noget fattigere end i Norditalien, men ikke forarmede. Man m\u00e6rker det mest p\u00e5 restaurationslivet, som for en stor del lukkes ned udenfor turists\u00e6sonen, idet egnens beboere ikke selv g\u00e5r meget ud og spiser &#8211; formentlig af \u00f8konomiske \u00e5rsager. Der er dog i byerne altid cafeer mv. som har \u00e5bent, og der er et farverigt og hyggeligt liv i byerne. Selv i vinterm\u00e5nederne er der udeliv, og folk m\u00f8des og sidder og sludrer p\u00e5 cafeer, endda ogs\u00e5 om aftenerne, n\u00e5r vejret tillader det.<br>Der er fortsat stor arbejdsl\u00f8shed i omr\u00e5det. Alligevel m\u00f8der man meget f\u00e5 tiggere &#8211; og indtil nu er vi ikke st\u00f8dt p\u00e5 folk, der er berusede.<br>Befolkningen er hovedsagelig katolikker.<\/p>\r\n","protected":false},"excerpt":{"rendered":"<p>Casa del Cedro Befolkningen er venlige, og man har indtryk af et meget trygt land at f\u00e6rdes i.Landet er pr\u00e6get af at gr\u00e6kerne har boet og p\u00e5virket flere omr\u00e5der i egnen. Befolkningen er fortsat noget fattigere end i Norditalien, men ikke forarmede. Man m\u00e6rker det mest p\u00e5 restaurationslivet, som for en stor del lukkes ned [&hellip;]<\/p>\n","protected":false},"author":1,"featured_media":0,"parent":28,"menu_order":0,"comment_status":"closed","ping_status":"closed","template":"","meta":{"footnotes":""},"class_list":["post-39","page","type-page","status-publish","hentry"],"_links":{"self":[{"href":"https:\/\/aligraph.dk\/ejendom\/wp-json\/wp\/v2\/pages\/39","targetHints":{"allow":["GET"]}}],"collection":[{"href":"https:\/\/aligraph.dk\/ejendom\/wp-json\/wp\/v2\/pages"}],"about":[{"href":"https:\/\/aligraph.dk\/ejendom\/wp-json\/wp\/v2\/types\/page"}],"author":[{"embeddable":true,"href":"https:\/\/aligraph.dk\/ejendom\/wp-json\/wp\/v2\/users\/1"}],"replies":[{"embeddable":true,"href":"https:\/\/aligraph.dk\/ejendom\/wp-json\/wp\/v2\/comments?post=39"}],"version-history":[{"count":3,"href":"https:\/\/aligraph.dk\/ejendom\/wp-json\/wp\/v2\/pages\/39\/revisions"}],"predecessor-version":[{"id":732,"href":"https:\/\/aligraph.dk\/ejendom\/wp-json\/wp\/v2\/pages\/39\/revisions\/732"}],"up":[{"embeddable":true,"href":"https:\/\/aligraph.dk\/ejendom\/wp-json\/wp\/v2\/pages\/28"}],"wp:attachment":[{"href":"https:\/\/aligraph.dk\/ejendom\/wp-json\/wp\/v2\/media?parent=39"}],"curies":[{"name":"wp","href":"https:\/\/api.w.org\/{rel}","templated":true}]}}