{"id":47,"date":"2021-03-05T19:21:48","date_gmt":"2021-03-05T18:21:48","guid":{"rendered":"https:\/\/aligraphdk.newsite.dk\/ejendom\/?page_id=47"},"modified":"2023-07-08T07:53:14","modified_gmt":"2023-07-08T05:53:14","slug":"vejr-og-klima","status":"publish","type":"page","link":"https:\/\/aligraph.dk\/ejendom\/casa-del-cedro\/vejr-og-klima\/","title":{"rendered":"Vejr og Klima"},"content":{"rendered":"\r\n<h1>Casa del Cedro<\/h1>\r\n<p>Sommerm\u00e5nederne juli og august er ofte meget varme i Calabrien. Generelt er Calabrien begunstiget med relativ megen regn (f.eks. i forhold til omr\u00e5der p\u00e5 samme breddegrad i Spanien (med samme afstand til \u00e6kvator). Dette betyder er Calabrien normalt synes b\u00e5de gr\u00f8n og frodig.<br><strong>Vejr:<\/strong><\/p>\r\n\r\n\r\n\r\n<p><a rel=\"noreferrer noopener\" href=\"http:\/\/www.ilmeteo.it\/portale\/meteo\/previsioni.php?citta=santa+maria+del+cedro&amp;g=-1&amp;c=6585\" target=\"_blank\"><strong>Santa Maria del Cedro<\/strong><\/a><br>\r\n<a rel=\"noreferrer noopener\" href=\"http:\/\/www.ilmeteo.it\/\" target=\"_blank\">Italien vejr<\/a><br>\r\n<br><strong>Klima:<\/strong><\/p>\r\n\r\n\r\n\r\n<p><a rel=\"noreferrer noopener\" href=\"http:\/\/www.wetteronline.de\/cgi-bin\/regframe?3&amp;PRG=cityklima&amp;LANG=de&amp;WMO=16362&amp;INFO=3&amp;PAG=0\" target=\"_blank\">Tyske klima-data for Lametzia Terme<\/a><br><br><strong>Huset ligger ca. midtvejs mellem byerne Napoli og Messina der ogs\u00e5 ligger ud til det Thyrenske hav:<br><\/strong><\/p>\r\n\r\n\r\n\r\n<figure class=\"wp-block-image size-large is-resized\"><img loading=\"lazy\" decoding=\"async\" src=\"https:\/\/aligraph.dk\/wp-content\/uploads\/CasaDelCedro\/klima_Napoli.jpg\" alt=\"\" class=\"wp-image-158\" width=\"606\" height=\"359\"\/><\/figure>\r\n\r\n\r\n\r\n<figure class=\"wp-block-image size-large is-resized\"><img loading=\"lazy\" decoding=\"async\" src=\"https:\/\/aligraph.dk\/wp-content\/uploads\/CasaDelMare\/klima_Messina.jpg\" alt=\"\" class=\"wp-image-315\" width=\"608\" height=\"316\"\/><\/figure>\r\n\r\n\r\n\r\n<figure class=\"wp-block-table\"><table><tbody><tr><td><img decoding=\"async\" src=\"http:\/\/www.aligraph.dk\/CasaDelCedro\/foto\/temp_nat.JPG\" alt=\"\"><img decoding=\"async\" src=\"https:\/\/aligraph.dk\/wp-content\/uploads\/CasaDelCedro\/temp_nat.jpg\" alt=\"Dette billede har en tom ALT-egenskab (billedbeskrivelse). Filnavnet er temp_nat.jpg\"><\/td><td>Nattemperatur<\/td><\/tr><tr><td><img decoding=\"async\" src=\"http:\/\/www.aligraph.dk\/CasaDelCedro\/foto\/temp_dag.JPG\" alt=\"\"><img decoding=\"async\" src=\"https:\/\/aligraph.dk\/wp-content\/uploads\/CasaDelMare\/temp_dag.jpg\" alt=\"Dette billede har en tom ALT-egenskab (billedbeskrivelse). Filnavnet er temp_dag.jpg\"><\/td><td>Dagstemperatur (gennemsnit)<\/td><\/tr><tr><td><img decoding=\"async\" src=\"http:\/\/www.aligraph.dk\/CasaDelCedro\/foto\/temp_vand.JPG\" alt=\"\"><img decoding=\"async\" src=\"https:\/\/aligraph.dk\/wp-content\/uploads\/CasaDelMare\/temp_vand.jpg\" alt=\"Dette billede har en tom ALT-egenskab (billedbeskrivelse). Filnavnet er temp_vand.jpg\"><\/td><td>Vand temperatur<\/td><\/tr><tr><td><img decoding=\"async\" src=\"http:\/\/www.aligraph.dk\/CasaDelCedro\/foto\/sol.JPG\" alt=\"\"><img decoding=\"async\" src=\"https:\/\/aligraph.dk\/wp-content\/uploads\/CasaDelMare\/sol.jpg\" alt=\"Dette billede har en tom ALT-egenskab (billedbeskrivelse). Filnavnet er sol.jpg\"><\/td><td>Solskinstimer<\/td><\/tr><tr><td><img decoding=\"async\" src=\"http:\/\/www.aligraph.dk\/CasaDelCedro\/foto\/regn.JPG\" alt=\"\"><img decoding=\"async\" src=\"https:\/\/aligraph.dk\/wp-content\/uploads\/CasaDelMare\/regn.jpg\" alt=\"Dette billede har en tom ALT-egenskab (billedbeskrivelse). Filnavnet er regn.jpg\"><\/td><td>Nedb\u00f8r i mm.<\/td><\/tr><tr><td><img decoding=\"async\" src=\"http:\/\/www.aligraph.dk\/CasaDelCedro\/foto\/regnDage.JPG\" alt=\"\"><img decoding=\"async\" src=\"https:\/\/aligraph.dk\/wp-content\/uploads\/CasaDelMare\/regnDage.jpg\" alt=\"Dette billede har en tom ALT-egenskab (billedbeskrivelse). Filnavnet er regnDage.jpg\"><\/td><td>Antal dage hvor der falder regn (lidt eller meget)<\/td><\/tr><\/tbody><\/table><\/figure>\r\n","protected":false},"excerpt":{"rendered":"<p>Casa del Cedro Sommerm\u00e5nederne juli og august er ofte meget varme i Calabrien. Generelt er Calabrien begunstiget med relativ megen regn (f.eks. i forhold til omr\u00e5der p\u00e5 samme breddegrad i Spanien (med samme afstand til \u00e6kvator). Dette betyder er Calabrien normalt synes b\u00e5de gr\u00f8n og frodig.Vejr: Santa Maria del Cedro Italien vejr Klima: Tyske klima-data [&hellip;]<\/p>\n","protected":false},"author":1,"featured_media":0,"parent":28,"menu_order":0,"comment_status":"closed","ping_status":"closed","template":"","meta":{"footnotes":""},"class_list":["post-47","page","type-page","status-publish","hentry"],"_links":{"self":[{"href":"https:\/\/aligraph.dk\/ejendom\/wp-json\/wp\/v2\/pages\/47","targetHints":{"allow":["GET"]}}],"collection":[{"href":"https:\/\/aligraph.dk\/ejendom\/wp-json\/wp\/v2\/pages"}],"about":[{"href":"https:\/\/aligraph.dk\/ejendom\/wp-json\/wp\/v2\/types\/page"}],"author":[{"embeddable":true,"href":"https:\/\/aligraph.dk\/ejendom\/wp-json\/wp\/v2\/users\/1"}],"replies":[{"embeddable":true,"href":"https:\/\/aligraph.dk\/ejendom\/wp-json\/wp\/v2\/comments?post=47"}],"version-history":[{"count":6,"href":"https:\/\/aligraph.dk\/ejendom\/wp-json\/wp\/v2\/pages\/47\/revisions"}],"predecessor-version":[{"id":1194,"href":"https:\/\/aligraph.dk\/ejendom\/wp-json\/wp\/v2\/pages\/47\/revisions\/1194"}],"up":[{"embeddable":true,"href":"https:\/\/aligraph.dk\/ejendom\/wp-json\/wp\/v2\/pages\/28"}],"wp:attachment":[{"href":"https:\/\/aligraph.dk\/ejendom\/wp-json\/wp\/v2\/media?parent=47"}],"curies":[{"name":"wp","href":"https:\/\/api.w.org\/{rel}","templated":true}]}}