{"id":65,"date":"2021-03-05T19:26:01","date_gmt":"2021-03-05T18:26:01","guid":{"rendered":"https:\/\/aligraphdk.newsite.dk\/ejendom\/?page_id=65"},"modified":"2023-04-29T17:22:26","modified_gmt":"2023-04-29T15:22:26","slug":"sommerhus","status":"publish","type":"page","link":"https:\/\/aligraph.dk\/ejendom\/sommerhus\/","title":{"rendered":"Sommerhus"},"content":{"rendered":"\r\n<figure class=\"wp-block-image size-large\"><img decoding=\"async\" class=\"wp-image-463\" src=\"https:\/\/aligraph.dk\/ejendom\/wp-content\/uploads\/2021\/06\/IMG_2043-scaled.jpg\" alt=\"\" \/><\/figure>\r\n\r\n<p><span style=\"color: green; font-family: Arial, Helvetica; font-size: 300%;\"><b>Lynghuset p\u00e5 Sj\u00e6llands Odde.<\/b><\/span><\/p>\r\n<p><span style=\"color: green; font-family: Arial, Helvetica;\">Sommerhuset er bygget i 1995 renoveret i 2016 er p\u00e5 66 m\u00b2 og er beliggende p\u00e5 Sj. Odde p\u00e5 en 1.500 m\u00b2 naturgrund.<\/span><\/p>\r\n<p>Vores hus er beliggende i roligt naturomr\u00e5de med sandstrand til Kattegat samt strand og og badebro til Sejer\u00f8bugten, begge strande i afstand af 500 m. fra huset. Sejer\u00f8bugten har rent vand og stenet strand, derfor badebro, hvorfra b\u00f8rn i \u00f8vrigt fanger krabber.<br \/>Afstand til grill og is-hus er 1 km &#8211; herfra kan solnedgang over Kattegat nydes mens man indtager en is eller et glas vin &#8211; der er ogs\u00e5 mulighed for en burger eller hotdog.<\/p>\r\n<p>Der er to spisesteder i n\u00e6rheden: Odden Spisehus, ca. 2,5 km fra huset, og \u00c5sl\u00f8kke Kro, ca. 5 km fra huset.<\/p>\r\n<p>Der er endvidere flere dejlige spisesteder i hyggelige Havneby, ca. 7 km fra huset.<\/p>\r\n<p>Der er vandre- og cykelruter gennem naturen, s\u00e5 medbring evt. cykler.<br \/>Der er et mangfoldigt dyreliv med god mulighed for at se r\u00e5dyr, hare, r\u00e6v og mange arter fugle p\u00e5 grunden.<\/p>\r\n<p>Huset har stue, \u00e5bent k\u00f8kken, v\u00e6relse med dobbeltseng, v\u00e6relse med dobbeltseng og k\u00f8jeseng samt anneks med 2 enkeltsenge. Der er dyner og hovedpuder.<br \/>Huset har havem\u00f8bler, meget stor overd\u00e6kket terrasse og naturgrund.<br \/>Der er grill og veludstyret k\u00f8kken samt vaskemaskine. Der er ikke opvaskemaskine.<br \/>Huset er forsynet med opvaske- og reng\u00f8ringsmidler samt diverse krydderier. K\u00f8b selv nyt n\u00e5r det er opbrugt, og lad st\u00e5 til n\u00e6ste lejer. Du skal selv medbringe toiletpapir, karklude, viskestykker samt senget\u00f8j som betr\u00e6k og lagner.<\/p>\r\n<p>Huset udlejes til max. 6 personer. Huset udlejes ikke til unge under 25 \u00e5r eller til st\u00f8rre sammenkomster.<\/p>\r\n<p>Huset har elvarme samt br\u00e6ndeovn. Der er varme i gulv p\u00e5 badev\u00e6relse.<br \/>Der er ikke adgang til skur.<\/p>\r\n<p>Der er adgang til internet i huset<\/p>\r\n<p>Lejeperioden er fredag fra kl 17.00 til fredag kl 13.00 med mindre andet aftales.<\/p>\r\n<p>Omr\u00e5det byder p\u00e5 noget af Danmarks smukkeste natur<\/p>\r\n<p>Opdateret d. 29-04-2023<\/p>\r\n\r\n<figure class=\"wp-block-image size-large\"><img decoding=\"async\" class=\"wp-image-485\" src=\"https:\/\/aligraph.dk\/wp-content\/uploads\/Sommerhus\/natur1.jpg\" alt=\"\" \/><\/figure>\r\n\r\n\r\n\r\n<figure class=\"wp-block-image size-large\"><img decoding=\"async\" class=\"wp-image-495\" src=\"https:\/\/aligraph.dk\/wp-content\/uploads\/Sommerhus\/natur2.jpg\" alt=\"\" \/><\/figure>\r\n","protected":false},"excerpt":{"rendered":"<p>Lynghuset p\u00e5 Sj\u00e6llands Odde. Sommerhuset er bygget i 1995 renoveret i 2016 er p\u00e5 66 m\u00b2 og er beliggende p\u00e5 Sj. Odde p\u00e5 en 1.500 m\u00b2 naturgrund. Vores hus er beliggende i roligt naturomr\u00e5de med sandstrand til Kattegat samt strand og og badebro til Sejer\u00f8bugten, begge strande i afstand af 500 m. fra huset. Sejer\u00f8bugten [&hellip;]<\/p>\n","protected":false},"author":1,"featured_media":0,"parent":0,"menu_order":0,"comment_status":"closed","ping_status":"closed","template":"","meta":{"footnotes":""},"class_list":["post-65","page","type-page","status-publish","hentry"],"_links":{"self":[{"href":"https:\/\/aligraph.dk\/ejendom\/wp-json\/wp\/v2\/pages\/65","targetHints":{"allow":["GET"]}}],"collection":[{"href":"https:\/\/aligraph.dk\/ejendom\/wp-json\/wp\/v2\/pages"}],"about":[{"href":"https:\/\/aligraph.dk\/ejendom\/wp-json\/wp\/v2\/types\/page"}],"author":[{"embeddable":true,"href":"https:\/\/aligraph.dk\/ejendom\/wp-json\/wp\/v2\/users\/1"}],"replies":[{"embeddable":true,"href":"https:\/\/aligraph.dk\/ejendom\/wp-json\/wp\/v2\/comments?post=65"}],"version-history":[{"count":11,"href":"https:\/\/aligraph.dk\/ejendom\/wp-json\/wp\/v2\/pages\/65\/revisions"}],"predecessor-version":[{"id":1135,"href":"https:\/\/aligraph.dk\/ejendom\/wp-json\/wp\/v2\/pages\/65\/revisions\/1135"}],"wp:attachment":[{"href":"https:\/\/aligraph.dk\/ejendom\/wp-json\/wp\/v2\/media?parent=65"}],"curies":[{"name":"wp","href":"https:\/\/api.w.org\/{rel}","templated":true}]}}