{"id":854,"date":"2022-01-20T19:57:00","date_gmt":"2022-01-20T18:57:00","guid":{"rendered":"https:\/\/aligraph.dk\/ejendom\/?page_id=854"},"modified":"2026-02-27T11:11:23","modified_gmt":"2026-02-27T10:11:23","slug":"odsherred-trails","status":"publish","type":"page","link":"https:\/\/aligraph.dk\/ejendom\/odsherred-trails\/","title":{"rendered":"Odsherred Trails"},"content":{"rendered":"<div class=\"default-style\">Velkommen til Odsherred Trails &#8211; Vandreture i sk\u00f8nne Odsherred med udgangspunkt fra dejligt sommerhus p\u00e5 Sj\u00e6llands Odde.<\/div>\n<div class=\"default-style\">Klik p\u00e5 kortet for at hente PDF-kort i h\u00f8j opl\u00f8sning.<a href=\"https:\/\/aligraph.dk\/ejendom\/wp-content\/uploads\/2022\/03\/Odsherred.pdf\" target=\"_blank\" rel=\"noopener\"><img loading=\"lazy\" decoding=\"async\" class=\"alignnone wp-image-937 size-full\" src=\"https:\/\/aligraph.dk\/ejendom\/wp-content\/uploads\/2022\/02\/Odsherred-Trials.jpg\" alt=\"\" width=\"1571\" height=\"630\" srcset=\"https:\/\/aligraph.dk\/ejendom\/wp-content\/uploads\/2022\/02\/Odsherred-Trials.jpg 1571w, https:\/\/aligraph.dk\/ejendom\/wp-content\/uploads\/2022\/02\/Odsherred-Trials-300x120.jpg 300w, https:\/\/aligraph.dk\/ejendom\/wp-content\/uploads\/2022\/02\/Odsherred-Trials-1024x411.jpg 1024w, https:\/\/aligraph.dk\/ejendom\/wp-content\/uploads\/2022\/02\/Odsherred-Trials-768x308.jpg 768w, https:\/\/aligraph.dk\/ejendom\/wp-content\/uploads\/2022\/02\/Odsherred-Trials-1536x616.jpg 1536w, https:\/\/aligraph.dk\/ejendom\/wp-content\/uploads\/2022\/02\/Odsherred-Trials-1200x481.jpg 1200w\" sizes=\"auto, (max-width: 1571px) 100vw, 1571px\" \/><\/a><\/div>\n<div class=\"default-style\">Sommerhuset ligger i Overby Lyng p\u00e5 Sj. Odde.<br \/>\nI kan hente kort over vandreruterne her p\u00e5 hjemmesiden &#8211; og I g\u00e5r s\u00e5 langt I har lyst til. Vi tilbyder 14 vandreruter fra 8 km til 28 km. Fem af ruterne starter ved sommerhuset.<\/div>\n<div class=\"default-style\"><\/div>\n<div class=\"default-style\">Huset har stor overd\u00e6kket terrasse, havem\u00f8bler, stue og 2 v\u00e6relser, det ene med dobbeltseng, det andet med flere enkeltsenge. Mindre \u00e5bent k\u00f8kken og dejligt badev\u00e6relse.<br \/>\nDer er br\u00e6ndeovn og elvarme.<\/div>\n<div class=\"default-style\"><\/div>\n<div class=\"default-style\">I skal medbringe rygs\u00e6k med det I skal bruge p\u00e5 jeres vandretur (termokande, krus mv.) og lidt t\u00f8j.<\/p>\n<div class=\"default-style\"><\/div>\n<div class=\"default-style\">Fra huset er der rig mulighed for mange g\u00e5ture langs vandet og\/eller gennem smuk natur.<br \/>\nVi har mange r\u00e5dyr i omr\u00e5det.<\/div>\n<p><\/p>\n<div class=\"default-style\"><\/div>\n<div>L\u00e6s mere om sommerhuset her: <a href=\"https:\/\/aligraph.dk\/ejendom\/sommerhus\/\" target=\"_blank\" rel=\"noopener\">Sommerhus<\/a><\/div>\n<div><\/div>\n<div>Se eventuelt flere vandre\/cykelruter p\u00e5 <a href=\"https:\/\/geoparkodsherred.dk\/ruter\/\" target=\"_blank\" rel=\"noopener\">Geopark Odsherred<\/a><\/div>\n","protected":false},"excerpt":{"rendered":"<p>Velkommen til Odsherred Trails &#8211; Vandreture i sk\u00f8nne Odsherred med udgangspunkt fra dejligt sommerhus p\u00e5 Sj\u00e6llands Odde. Klik p\u00e5 kortet for at hente PDF-kort i h\u00f8j opl\u00f8sning. Sommerhuset ligger i Overby Lyng p\u00e5 Sj. Odde. I kan hente kort over vandreruterne her p\u00e5 hjemmesiden &#8211; og I g\u00e5r s\u00e5 langt I har lyst til. Vi [&hellip;]<\/p>\n","protected":false},"author":1,"featured_media":0,"parent":0,"menu_order":0,"comment_status":"closed","ping_status":"closed","template":"","meta":{"footnotes":""},"class_list":["post-854","page","type-page","status-publish","hentry"],"_links":{"self":[{"href":"https:\/\/aligraph.dk\/ejendom\/wp-json\/wp\/v2\/pages\/854","targetHints":{"allow":["GET"]}}],"collection":[{"href":"https:\/\/aligraph.dk\/ejendom\/wp-json\/wp\/v2\/pages"}],"about":[{"href":"https:\/\/aligraph.dk\/ejendom\/wp-json\/wp\/v2\/types\/page"}],"author":[{"embeddable":true,"href":"https:\/\/aligraph.dk\/ejendom\/wp-json\/wp\/v2\/users\/1"}],"replies":[{"embeddable":true,"href":"https:\/\/aligraph.dk\/ejendom\/wp-json\/wp\/v2\/comments?post=854"}],"version-history":[{"count":26,"href":"https:\/\/aligraph.dk\/ejendom\/wp-json\/wp\/v2\/pages\/854\/revisions"}],"predecessor-version":[{"id":1305,"href":"https:\/\/aligraph.dk\/ejendom\/wp-json\/wp\/v2\/pages\/854\/revisions\/1305"}],"wp:attachment":[{"href":"https:\/\/aligraph.dk\/ejendom\/wp-json\/wp\/v2\/media?parent=854"}],"curies":[{"name":"wp","href":"https:\/\/api.w.org\/{rel}","templated":true}]}}