{"id":867,"date":"2022-01-20T20:16:17","date_gmt":"2022-01-20T19:16:17","guid":{"rendered":"https:\/\/aligraph.dk\/ejendom\/?page_id=867"},"modified":"2022-03-15T11:13:15","modified_gmt":"2022-03-15T10:13:15","slug":"ebbeloekkes-kyster","status":"publish","type":"page","link":"https:\/\/aligraph.dk\/ejendom\/odsherred-trails\/ebbeloekkes-kyster\/","title":{"rendered":"Ebbel\u00f8kkes-kyster"},"content":{"rendered":"<p>En vandretur langs to parallelle kyster ved Kattegat og Sejer\u00f8 Bugt, der byder p\u00e5 en mangfoldighed af naturoplevelser knyttet til Kystlandskabet.<\/p>\n<p>Du kan v\u00e6lge imellem 2 ruter. Den lange er p\u00e5 13,7 km og g\u00e5r op forbi Lums\u00e5s by,\u00a0 men du kan ogs\u00e5 v\u00e6lge den korte rute p\u00e5 10,1 km som g\u00e5r forbi \u00c5sl\u00f8kke Kro. Klik p\u00e5 kortene for at hente PDF-kort i h\u00f8j opl\u00f8sning.<\/p>\n<p><a href=\"https:\/\/aligraph.dk\/ejendom\/wp-content\/uploads\/2022\/03\/Ebbelokke.pdf\" target=\"_blank\" rel=\"noopener\"><img loading=\"lazy\" decoding=\"async\" class=\"alignnone wp-image-1003 size-full\" src=\"https:\/\/aligraph.dk\/ejendom\/wp-content\/uploads\/2022\/03\/Ebbelokke.jpg\" alt=\"\" width=\"1160\" height=\"697\" srcset=\"https:\/\/aligraph.dk\/ejendom\/wp-content\/uploads\/2022\/03\/Ebbelokke.jpg 1160w, https:\/\/aligraph.dk\/ejendom\/wp-content\/uploads\/2022\/03\/Ebbelokke-300x180.jpg 300w, https:\/\/aligraph.dk\/ejendom\/wp-content\/uploads\/2022\/03\/Ebbelokke-1024x615.jpg 1024w, https:\/\/aligraph.dk\/ejendom\/wp-content\/uploads\/2022\/03\/Ebbelokke-768x461.jpg 768w\" sizes=\"auto, (max-width: 1160px) 100vw, 1160px\" \/><\/a>P\u00e5 denne tur langs to kyster oplever du, hvordan Odsherred er blevet formet til det flotte landskab det er i dag. Skabelsesprocessen sluttede ikke da isen trak sig tilbage for sidste gang for 14.000 \u00e5r siden. Havet har haft skiftende vandstande, landet har h\u00e6vet sig efter isens tryk og havet former til stadighed de kystn\u00e6re egne med sand og sten fra de<br \/>\nskr\u00e6nter der bliver \u201dgnavet\u201d i. I dag ser du kystskr\u00e6nter fra den h\u00f8jeste vandstand i stenalderen inde i land h\u00e6vet 4,5 meter over nutidens vandstand. Flere af disse gamle kystskr\u00e6nter er bevokset med\u00a0 naturskov med mange vilde tr\u00e6er, buske og planter.<\/p>\n<p>Turen forl\u00f8ber p\u00e5 st\u00f8rstedelen langs stranden, hvor der p\u00e5 de fleste str\u00e6kninger er muligt at g\u00e5 p\u00e5 en fast sti ovenfor selve strandbredden.<\/p>\n<p><strong>Hugorme kan b\u00e5de v\u00e6re brune og sorte<\/strong><br \/>\nHugorme findes underligt nok kun p\u00e5 Odden, langs Kattegatkysten og p\u00e5 R\u00f8rvig halv\u00f8en. Hvorimod der slet ikke findes hugorme i hele lyngb\u00e6ltet og de t\u00f8rre bakker langs Sejer\u00f8 Bugt. Hugormene kommer frem p\u00e5 lune dage i det tidlige for\u00e5r og ses helle sommerhalv\u00e5ret, n\u00e5r de ligger p\u00e5 lune pletter og \u201dlader op\u201d i solen. Der kan b\u00e5de ligge sorte og brune hugorme sammen. Ca. 40% af hugormene i Odsherred er sorte. De har ingen zigzag- striber og ligner derfor meget snoge, som dog altidhar to gule nakkepletter.<\/p>\n<p><strong>Sten p\u00e5 stranden<\/strong><br \/>\nStranden ved Ebbel\u00f8kke er ideel for stensamlere. Her er et bredt udvalg af b\u00e5de interessante og flotte sten. Stenene er hver is\u00e6r et vidnesbyrd om, hvordan Danmark blev skabt under de sidste istider. \u201dRhombeporfyr\u201d fra Norge, \u201dKinnediabas\u201d fra Sverige, kalk og flint fra den danske undergrund. Hver sten fort\u00e6ller sin historie om dens dannelse og hvor den kommer fra. En sk\u00f8nne dag er stenen igen nedbrudt og opdelt i sm\u00e5 sandkorn. Sandet bliver sorteret af havet efter, hvor tungt det er og du finder b\u00e5de r\u00f8dt, hvid og sort sand. Det r\u00f8de sand er granat fra stenen granat amfibolit. Det lyse sand er kvarts- og feldt spatkorn og det sorte sand er jernmineraler og magnetisk<\/p>\n<p><strong>Strandvolde p\u00e5 Overby Lyng<\/strong><br \/>\nP\u00e5 vandringen passerer du over det fredede areal p\u00e5 Overby Lyng. Et tidligere f\u00e6lles gr\u00e6sningsareal. Lyngen er n\u00e6sten forsvundet i den lange periode, hvor det ikke har v\u00e6ret afgr\u00e6sset og gr\u00e6sarten b\u00f8lget bunke har nu taget over. L\u00e6g her m\u00e6rke til de mange meget markante strandvolde, som havet gennem hundrede af \u00e5r har aflejret med regelm\u00e6ssige mellemrum. Her er det naturskabt men pr\u00f8v ogs\u00e5 at g\u00e5 turen p\u00e5 Gniben Her vil du se de markante volde efter ral- og grusgravning. I Kongs\u00f8re skov vil du finde tilsvarende, knap s\u00e5 h\u00f8je volde. Her er det h\u00f8jryggede agre fra middelalderen. Det er ikke altid lige nemt at vide, hvad der har formet vores landskab, men sp\u00e6ndende er det at finde ud af det.<\/p>\n<p><strong>Lums\u00e5s Kirke<\/strong><br \/>\nLums\u00e5s kirke h\u00f8rer under H\u00f8jby Sogn og er indviet i 1896. Siden 1867 havde rigsdagen lovet beboerne i Ebbel\u00f8kke, Lums\u00e5s, Holmstrup og Klint at der kunne opf\u00f8res en kirke i Lums\u00e5s mod at beboerne selv stillede jord til r\u00e5dighed og oprettede en fond til kirkens vedligeholdelse. Kirken er tegnet af arkitekt Andreas Clemmensen, som har tegnet mange kirker. Mange detaljer i kirken og det lille t\u00e5rn tyder p\u00e5 at en gl. teglstenskirke i Uvelse i Nordsj\u00e6lland har v\u00e6ret hans forbillede.<\/p>\n<p><strong>Lums\u00e5s M\u00f8lle<\/strong><br \/>\nLums\u00e5s M\u00f8lle er en hollandsk m\u00f8lle fra1834. F\u00f8r den tid har der ligget en stubm\u00f8lle.<br \/>\nM\u00f8llen var i funktion frem til 1940, hvor tiden og vilk\u00e5rene var l\u00f8bet fra m\u00f8llerivirksomheden. M\u00f8lleren og hans s\u00f8n dekorerede m\u00f8llen indvendig under krigen, da de ikke havde noget andet arbejde. Lums\u00e5s Bylaug k\u00f8bte m\u00f8llen i 1959 og istandsatte den s\u00e5 den igen er fuld funktionsdygtig.<br \/>\nM\u00f8llen er \u00e5ben for bes\u00f8gende hver tirsdag fra 10-16 i perioden 1. juni til 1. september, samt fredage i skolernes ferie. Efteraftale kan grupper f\u00e5 rundvisning p\u00e5 andre tidspunkter. Se mere p\u00e5 www:lumsaasmoelle.dk<\/p>\n<p><strong>Turens tilg\u00e6ngelighed:<\/strong><br \/>\nMiddel til sv\u00e6r. St\u00f8rstedelen af turen forl\u00f8ber langs strandene. P\u00e5 de fleste str\u00e6kninger er det muligt at g\u00e5 p\u00e5 en fast sti ovenfor selve strandbredden.<\/p>\n","protected":false},"excerpt":{"rendered":"<p>En vandretur langs to parallelle kyster ved Kattegat og Sejer\u00f8 Bugt, der byder p\u00e5 en mangfoldighed af naturoplevelser knyttet til Kystlandskabet. Du kan v\u00e6lge imellem 2 ruter. Den lange er p\u00e5 13,7 km og g\u00e5r op forbi Lums\u00e5s by,\u00a0 men du kan ogs\u00e5 v\u00e6lge den korte rute p\u00e5 10,1 km som g\u00e5r forbi \u00c5sl\u00f8kke Kro. [&hellip;]<\/p>\n","protected":false},"author":1,"featured_media":0,"parent":854,"menu_order":0,"comment_status":"closed","ping_status":"closed","template":"","meta":{"footnotes":""},"class_list":["post-867","page","type-page","status-publish","hentry"],"_links":{"self":[{"href":"https:\/\/aligraph.dk\/ejendom\/wp-json\/wp\/v2\/pages\/867","targetHints":{"allow":["GET"]}}],"collection":[{"href":"https:\/\/aligraph.dk\/ejendom\/wp-json\/wp\/v2\/pages"}],"about":[{"href":"https:\/\/aligraph.dk\/ejendom\/wp-json\/wp\/v2\/types\/page"}],"author":[{"embeddable":true,"href":"https:\/\/aligraph.dk\/ejendom\/wp-json\/wp\/v2\/users\/1"}],"replies":[{"embeddable":true,"href":"https:\/\/aligraph.dk\/ejendom\/wp-json\/wp\/v2\/comments?post=867"}],"version-history":[{"count":10,"href":"https:\/\/aligraph.dk\/ejendom\/wp-json\/wp\/v2\/pages\/867\/revisions"}],"predecessor-version":[{"id":1076,"href":"https:\/\/aligraph.dk\/ejendom\/wp-json\/wp\/v2\/pages\/867\/revisions\/1076"}],"up":[{"embeddable":true,"href":"https:\/\/aligraph.dk\/ejendom\/wp-json\/wp\/v2\/pages\/854"}],"wp:attachment":[{"href":"https:\/\/aligraph.dk\/ejendom\/wp-json\/wp\/v2\/media?parent=867"}],"curies":[{"name":"wp","href":"https:\/\/api.w.org\/{rel}","templated":true}]}}