{"id":873,"date":"2022-01-20T20:19:19","date_gmt":"2022-01-20T19:19:19","guid":{"rendered":"https:\/\/aligraph.dk\/ejendom\/?page_id=873"},"modified":"2022-03-15T11:36:09","modified_gmt":"2022-03-15T10:36:09","slug":"nyk-sj-sandflugtsplantagen-kattegat","status":"publish","type":"page","link":"https:\/\/aligraph.dk\/ejendom\/odsherred-trails\/nyk-sj-sandflugtsplantagen-kattegat\/","title":{"rendered":"Nyk.Sj-Sandflugtsplantage-Kattegat"},"content":{"rendered":"<p>Havet, sandet og vinden har i f\u00e6llesskab skabt dette pragtfulde naturomr\u00e5de. Oplev sandstranden med store klitter, klitheden, fyrreplantagen under forandring til l\u00f8vskov og R\u00f8rvig kirke.\u00a0 Klik p\u00e5 kortene for at hente PDF-kort i h\u00f8j opl\u00f8sning.<a href=\"https:\/\/aligraph.dk\/ejendom\/wp-content\/uploads\/2022\/03\/SandflugtsPlantagen.pdf\" target=\"_blank\" rel=\"noopener\"><img loading=\"lazy\" decoding=\"async\" class=\"alignnone wp-image-1083 size-full\" src=\"https:\/\/aligraph.dk\/ejendom\/wp-content\/uploads\/2022\/03\/SandflugtsPlantagen.jpg\" alt=\"\" width=\"1219\" height=\"985\" srcset=\"https:\/\/aligraph.dk\/ejendom\/wp-content\/uploads\/2022\/03\/SandflugtsPlantagen.jpg 1219w, https:\/\/aligraph.dk\/ejendom\/wp-content\/uploads\/2022\/03\/SandflugtsPlantagen-300x242.jpg 300w, https:\/\/aligraph.dk\/ejendom\/wp-content\/uploads\/2022\/03\/SandflugtsPlantagen-1024x827.jpg 1024w, https:\/\/aligraph.dk\/ejendom\/wp-content\/uploads\/2022\/03\/SandflugtsPlantagen-768x621.jpg 768w, https:\/\/aligraph.dk\/ejendom\/wp-content\/uploads\/2022\/03\/SandflugtsPlantagen-1200x970.jpg 1200w\" sizes=\"auto, (max-width: 1219px) 100vw, 1219px\" \/><\/a><strong>Rav og andre skatte fra havet.<\/strong><br \/>\nI Nyrup Bugt aflejres sand og andre lette materialer fra Kattegat. For en tidlige morgenvandre kan der v\u00e6re chancer for at finde rav i opskyllet af tang og is\u00e6r mindre tr\u00e6pinde som har samme v\u00e6gtfylde. Derudover kan man finde smukke skaller af hjerte- sand- kniv- og bl\u00e5musling samt de smukke gule strandsneglehuse. Pr\u00f8v at se, hvor mange ens skaller men i forskellig st\u00f8rrelse du kan samle som en kinesisk \u00e6ske.<\/p>\n<p><strong>Sandflugten<\/strong><br \/>\nSandflugten har siden 1500-tallet v\u00e6ret en trussel mod bondens levebr\u00f8d. Overgr\u00e6sning af klitterne i perioder med mangel p\u00e5 foder til dyrene, bet\u00f8d at det beskyttende klittag af marehalm og is\u00e6r hjelme blev \u00f8delagt og gav vinden frit spil til at f\u00f8re sandet fra kysten langt ind i land, hvor det gjorde de dyrkede jorde golde og ufrugtbare. En sandflugt i 1527 d\u00e6kkede s\u00e5ledes mange jorder med 60- 100 cm sand., hvorefter det blev n\u00f8dvendigt at flytte 22 g\u00e5rde til, hvor R\u00f8rvig i dag ligger. Overalt i plantagen ses disse indlandsklitter. Pr\u00f8v ogs\u00e5 at g\u00e5 turen \u201dNaturens skarpe hj\u00f8rne\u201d der f\u00f8rer dig over H\u00f8jsandet \u2013 en sp\u00e6ndende klitformation, dannet over talrige genopsatte g\u00e6rder.<\/p>\n<p><strong>Klitdannelser f\u00f8r og nu<\/strong><br \/>\nHvor det tidligere var kreaturer og rovdrift p\u00e5 klittens plantev\u00e6kst, der medf\u00f8rte sandflugt er det i dag folks f\u00e6rdsel til stranden. Pr\u00f8v at g\u00e5 op i klitterne ve plantagen og se s\u00e5, hvordan klitterne tager til i h\u00f8jde og vandrer ind i land ved alle nedgange til stranden, hvor vegetationen bortslides. Tidligere fors\u00f8gte man at bremse denne sandflugt ved at l\u00e6gge granris ud i klitbruddene og plante hjelme, men i dag betragtes det blot som en del af naturens frie spil og dynamik.<br \/>\nPlanterne i klitterne og bagved afspejler de barske forhold. Mod havet vokser kun marehalm og hjelme i den s\u00e5kaldte hvide klit. I l\u00e6 af den hvide klit ser man den gr\u00f8nne klit med gr\u00e6sser og urter der nyder godt af kalkindholdet i sandet fra knuste muslinger og bagerste, hvor regnvandet har udvasket alle n\u00e6ringsstoffer finder man den gr\u00e5 klit<br \/>\nmed rensdyrlav, revling og lave blomster og gr\u00e6sser. N\u00e5r du ser ud over den gr\u00e5 klit som gradvist bliver til klithede, kan du forestille dig, hvordan der s\u00e5 ud p\u00e5 de f\u00f8rste landflader efter isens tilbage smeltning efter sidste istid.<\/p>\n<p><strong>Sandflugtsplantagen<\/strong><br \/>\nI midten af 1800 tallet, hvor landindvinding og hede opdyrkningen tog fart, blev det lovpligtigt for det offentlige at forest\u00e5sandflugtsbek\u00e6mpelse. I Jylland var det statens opgave mens det p\u00e5 Sj\u00e6lland var amternes opgave. Derfor ses navnet amtsplantagen flere steder brugt om R\u00f8rvig Sandflugtsplantager der i dag efter et mageskift med amtet er underlagt Skov- &amp;Naturstyrelsen. Plantagen vil langsomt skifte karakter fra en n\u00e5leplantage til blandiningsskov, hvor selvs\u00e5et eg og birk vil blivedominerende i mange \u00e5r fremover. Hermed vil brandfaren ogs\u00e5 mindskes v\u00e6sentlig til gavn for de mange omkringliggende sommerhuse.<\/p>\n<p><strong>Dybes\u00f8 \u2013 en lavvandet s\u00f8<\/strong><br \/>\nDybes\u00f8 er kun op til 2,3 meter dyb og navnet referere formentlig til den \u00f8st for liggende Flynders\u00f8, som er meget lavvandet, hvad navnet antyder. Begge s\u00f8er er tidligere lavninger i Kattegat som er blevet isoleret fra havet i takt med at landet har h\u00e6vet sig og storme har p\u00e5 lejret en strandvold p\u00e5 kun 70 meters bredde. Senere har det v\u00e6ret n\u00f8dvendig at lave kystsikring for at havet ikke igen skulle \u00e6de sig igennem strandvolden ved en kraftig storm.<\/p>\n<p><strong>R\u00f8rvig Kirke<\/strong><br \/>\nR\u00f8rvig Kirke har vekslet mellem at v\u00e6re hvid- og gulkalket. S\u00e5 langt tilbage som 1860 er der omtale af kirken som gulkalket, mens den p\u00e5 et maleri fra 1920erne er hvidkalket. I kirkemuren er indmuret 26 jernringe til at t\u00f8jre de bes\u00f8gendes heste ved. Byen havde oprindelig 22 g\u00e5rde.<br \/>\nTil kirken er knyttet et blodigt sagn<br \/>\nBruden fra R\u00f8rvig.<br \/>\nPr\u00e6sten bliver v\u00e6kket midt om natten af fremmede som er kommet sejlene til R\u00f8rvig. Han bliver f\u00f8rt til kirken med bind for \u00f8jnene, hvor han tvinges til at foretage en vielse. Umiddelbart efterh\u00f8res et skud og n\u00e6ste dag findes bruden begravet under kirkegulvet. Forfattere som Vilhelm Bergs\u00f8e, H.C. Andersen og Henrik Steffensen har ladet sig inspirere af sagnet, som if\u00f8lge Danske Folkesagn et s\u00e5kaldt vandresagn af pommerskoprindelse. Bes\u00f8g ogs\u00e5 H\u00f8jby Kirke, som kan byde p\u00e5 historien om dobbeltmordet i Kirken en julenat. (rute 120 En vandring i historien fra Anneberg til H\u00f8jby)<\/p>\n<p>En del af turen f\u00f8lger strandbredden med de oplevelser og udfordringer det medf\u00f8lger.<br \/>\nSkov- &amp; Naturstyrelsens folder nr. 106 &#8220;<a href=\"https:\/\/naturstyrelsen.dk\/publikationer\/turfoldere\/midtsjaelland\/roervig-sandflugtsplantage\/\" target=\"_blank\" rel=\"noopener\">R\u00f8rvig Sandflugtsplantage<\/a>&#8221; kan med fordel tages med p\u00e5 turen.<\/p>\n","protected":false},"excerpt":{"rendered":"<p>Havet, sandet og vinden har i f\u00e6llesskab skabt dette pragtfulde naturomr\u00e5de. Oplev sandstranden med store klitter, klitheden, fyrreplantagen under forandring til l\u00f8vskov og R\u00f8rvig kirke.\u00a0 Klik p\u00e5 kortene for at hente PDF-kort i h\u00f8j opl\u00f8sning.Rav og andre skatte fra havet. I Nyrup Bugt aflejres sand og andre lette materialer fra Kattegat. For en tidlige morgenvandre [&hellip;]<\/p>\n","protected":false},"author":1,"featured_media":0,"parent":854,"menu_order":0,"comment_status":"closed","ping_status":"closed","template":"","meta":{"footnotes":""},"class_list":["post-873","page","type-page","status-publish","hentry"],"_links":{"self":[{"href":"https:\/\/aligraph.dk\/ejendom\/wp-json\/wp\/v2\/pages\/873","targetHints":{"allow":["GET"]}}],"collection":[{"href":"https:\/\/aligraph.dk\/ejendom\/wp-json\/wp\/v2\/pages"}],"about":[{"href":"https:\/\/aligraph.dk\/ejendom\/wp-json\/wp\/v2\/types\/page"}],"author":[{"embeddable":true,"href":"https:\/\/aligraph.dk\/ejendom\/wp-json\/wp\/v2\/users\/1"}],"replies":[{"embeddable":true,"href":"https:\/\/aligraph.dk\/ejendom\/wp-json\/wp\/v2\/comments?post=873"}],"version-history":[{"count":8,"href":"https:\/\/aligraph.dk\/ejendom\/wp-json\/wp\/v2\/pages\/873\/revisions"}],"predecessor-version":[{"id":1087,"href":"https:\/\/aligraph.dk\/ejendom\/wp-json\/wp\/v2\/pages\/873\/revisions\/1087"}],"up":[{"embeddable":true,"href":"https:\/\/aligraph.dk\/ejendom\/wp-json\/wp\/v2\/pages\/854"}],"wp:attachment":[{"href":"https:\/\/aligraph.dk\/ejendom\/wp-json\/wp\/v2\/media?parent=873"}],"curies":[{"name":"wp","href":"https:\/\/api.w.org\/{rel}","templated":true}]}}